{"id":558,"date":"2021-04-20T17:06:09","date_gmt":"2021-04-20T16:06:09","guid":{"rendered":"https:\/\/store.galerieramand.com\/en\/?post_type=product&#038;p=558"},"modified":"2021-05-01T14:19:08","modified_gmt":"2021-05-01T13:19:08","slug":"serie-les-indestines-1-fabien-granet","status":"publish","type":"product","link":"https:\/\/store.galerieramand.com\/en\/artworks\/artists\/fabien-granet\/serie-les-indestines-1-fabien-granet\/","title":{"rendered":"S\u00e9rie Les Indestin\u00e9s &#8211; 1 &#8211; Fabien Granet"},"content":{"rendered":"<p>S\u00e9rie Les Indestin\u00e9s &#8211; 1<\/p>\n<p><a href=\"https:\/\/www.galerieramand.com\/artists\/fabien-granet\/\" target=\"_blank\" rel=\"noopener\"><strong>Fabien Granet<\/strong><\/a> lives and works in Paris. Although he extracts most of his patterns from Brittany landscapes. Also he draws his questionings on the construction of the landscape from this raw material, which is offered by the infinite reality of nature.<\/p>\n<p>The human thus envisages the landscape as a fragmentation, which he restores within the framework of an &#8220;open window on the world&#8221;. Therefore, humans consider landscape as a fragmentation, which they restore in the framework of a &#8220;window open to the world&#8221;. The artist distorts the fragments captured from reality. And he transforms them into a drawing in which the motif and the underlying geometric structure are mixed together.<\/p>\n<p>In this mirage, reality is not so much transcribed as reconstructed. A poetry emerges from it, scandalized by disturbing geometric forms. From black or white, offered to the spectator as a space of freedom of interpretation and according to his personal experience. They offer a multiple reality, impermanent, in an exploration of timelessness that also underlies the work of video of the artist, made to the liking of moving sketches, seized on the spot. Which slide in an infinite horizon&#8230;<\/p>\n<p>S\u00e9rie Les Indestin\u00e9s &#8211; 1 &#8211; Fabien Granet\u00a0 | Text by Blandine Boucheix<\/p>\n<div class=\"text-center\"><div class=\"is-divider divider clearfix\" style=\"height:10px;background-color:rgb(255, 255, 255);\"><\/div><\/div>\n<div class=\"message-box relative dark\" style=\"padding-top:7px;padding-bottom:7px;\"><div class=\"message-box-bg-image bg-fill fill\" ><\/div><div class=\"message-box-bg-overlay bg-fill fill\" style=\"background-color:rgb(197, 156, 94);\"><\/div><div class=\"container relative\"><div class=\"inner last-reset\">\n<div class=\"row align-middle align-center\"  id=\"row-1765011987\">\n\n\t<div id=\"col-116700705\" class=\"col medium-10 small-12 large-10\"  >\n\t\t\t\t<div class=\"col-inner text-center dark\"  >\n\t\t\t\n\t\t\t\n\t<div id=\"text-3513166528\" class=\"text\">\n\t\t\n<h4 class=\"thin-font\">Need help ? Find here information concerning : Delivery, Payments, How to contact us, Framing of works,..<\/h4>\n\t\t\n<style>\n#text-3513166528 {\n  text-align: left;\n}\n<\/style>\n\t<\/div>\n\t\n\t\t<\/div>\n\t\t\t\t\t<\/div>\n\n\t\n\n\t<div id=\"col-1076199323\" class=\"col medium-2 small-12 large-2\"  >\n\t\t\t\t<div class=\"col-inner text-center\"  >\n\t\t\t\n\t\t\t\n<a href=\"https:\/\/store.galerieramand.com\/en\/faq-buyers\/\" class=\"button white is-outline is-small reveal-icon expand\" style=\"border-radius:40px;padding:0px 0px 0px 0px;\">\n\t<i class=\"icon-angle-right\" aria-hidden=\"true\"><\/i>\t<span>FAQ<\/span>\n\t<\/a>\n\n\t\t<\/div>\n\t\t\t\t\t<\/div>\n\n\t\n<\/div>\n<\/div><\/div><\/div>\n<div class=\"text-center\"><div class=\"is-divider divider clearfix\" style=\"height:2px;background-color:rgb(255, 255, 255);\"><\/div><\/div>\n","protected":false},"excerpt":{"rendered":"<p>Charcoal, graphite and pastel on paper<br \/>\nYear : 2020<br \/>\n26x20cm<br \/>\nunique work, without frame (possibility of framing)<\/p>\n","protected":false},"featured_media":689,"template":"","meta":{"_monsterinsights_skip_tracking":false,"_monsterinsights_sitenote_active":false,"_monsterinsights_sitenote_note":"","_monsterinsights_sitenote_category":0},"product_brand":[],"product_cat":[74,69],"product_tag":[],"class_list":{"0":"post-558","1":"product","2":"type-product","3":"status-publish","4":"has-post-thumbnail","6":"product_cat-drawing","7":"product_cat-fabien-granet","9":"first","10":"instock","11":"sold-individually","12":"shipping-taxable","13":"product-type-simple"},"yoast_head":"<!-- This site is optimized with the Yoast SEO plugin v27.2 - https:\/\/yoast.com\/product\/yoast-seo-wordpress\/ -->\n<title>S\u00e9rie Les Indestin\u00e9s - 1 - Fabien Granet - en.store.galerieramand by Galerie Ramand<\/title>\n<meta name=\"description\" content=\"S\u00e9rie Les Indestin\u00e9s - 1 - Fabien Granet,\u00a0Charcoal, graphite and pastel on paper. Year : 2020, 20x26cm unique work\" \/>\n<meta name=\"robots\" content=\"index, follow, max-snippet:-1, max-image-preview:large, max-video-preview:-1\" \/>\n<link rel=\"canonical\" href=\"https:\/\/store.galerieramand.com\/en\/artworks\/artists\/fabien-granet\/serie-les-indestines-1-fabien-granet\/\" \/>\n<meta property=\"og:locale\" content=\"en_GB\" \/>\n<meta property=\"og:type\" content=\"article\" \/>\n<meta property=\"og:title\" content=\"S\u00e9rie Les Indestin\u00e9s - 1 - Fabien Granet - en.store.galerieramand by Galerie Ramand\" \/>\n<meta property=\"og:description\" content=\"S\u00e9rie Les Indestin\u00e9s - 1 - Fabien Granet,\u00a0Charcoal, graphite and pastel on paper. Year : 2020, 20x26cm unique work\" \/>\n<meta property=\"og:url\" content=\"https:\/\/store.galerieramand.com\/en\/artworks\/artists\/fabien-granet\/serie-les-indestines-1-fabien-granet\/\" \/>\n<meta property=\"og:site_name\" content=\"en.store.galerieramand\" \/>\n<meta property=\"article:modified_time\" content=\"2021-05-01T13:19:08+00:00\" \/>\n<meta property=\"og:image\" content=\"https:\/\/store.galerieramand.com\/en\/wp-content\/uploads\/sites\/2\/2021\/05\/Serie-Les-Indestines-de-Fabien-Granet-dessin-sur-papier.jpg\" \/>\n\t<meta property=\"og:image:width\" content=\"1920\" \/>\n\t<meta property=\"og:image:height\" content=\"1488\" \/>\n\t<meta property=\"og:image:type\" content=\"image\/jpeg\" \/>\n<meta name=\"twitter:card\" content=\"summary_large_image\" \/>\n<meta name=\"twitter:label1\" content=\"Estimated reading time\" \/>\n\t<meta name=\"twitter:data1\" content=\"2 minutes\" \/>\n<script type=\"application\/ld+json\" class=\"yoast-schema-graph\">{\"@context\":\"https:\/\/schema.org\",\"@graph\":[{\"@type\":\"WebPage\",\"@id\":\"https:\/\/store.galerieramand.com\/en\/artworks\/artists\/fabien-granet\/serie-les-indestines-1-fabien-granet\/\",\"url\":\"https:\/\/store.galerieramand.com\/en\/artworks\/artists\/fabien-granet\/serie-les-indestines-1-fabien-granet\/\",\"name\":\"S\u00e9rie Les Indestin\u00e9s - 1 - Fabien Granet - en.store.galerieramand by Galerie Ramand\",\"isPartOf\":{\"@id\":\"https:\/\/store.galerieramand.com\/en\/#website\"},\"primaryImageOfPage\":{\"@id\":\"https:\/\/store.galerieramand.com\/en\/artworks\/artists\/fabien-granet\/serie-les-indestines-1-fabien-granet\/#primaryimage\"},\"image\":{\"@id\":\"https:\/\/store.galerieramand.com\/en\/artworks\/artists\/fabien-granet\/serie-les-indestines-1-fabien-granet\/#primaryimage\"},\"thumbnailUrl\":\"https:\/\/store.galerieramand.com\/en\/wp-content\/uploads\/sites\/2\/2021\/05\/Serie-Les-Indestines-de-Fabien-Granet-dessin-sur-papier.jpg\",\"datePublished\":\"2021-04-20T16:06:09+00:00\",\"dateModified\":\"2021-05-01T13:19:08+00:00\",\"description\":\"S\u00e9rie Les Indestin\u00e9s - 1 - Fabien Granet,\u00a0Charcoal, graphite and pastel on paper. Year : 2020, 20x26cm unique work\",\"breadcrumb\":{\"@id\":\"https:\/\/store.galerieramand.com\/en\/artworks\/artists\/fabien-granet\/serie-les-indestines-1-fabien-granet\/#breadcrumb\"},\"inLanguage\":\"en-GB\",\"potentialAction\":[{\"@type\":\"ReadAction\",\"target\":[\"https:\/\/store.galerieramand.com\/en\/artworks\/artists\/fabien-granet\/serie-les-indestines-1-fabien-granet\/\"]}]},{\"@type\":\"ImageObject\",\"inLanguage\":\"en-GB\",\"@id\":\"https:\/\/store.galerieramand.com\/en\/artworks\/artists\/fabien-granet\/serie-les-indestines-1-fabien-granet\/#primaryimage\",\"url\":\"https:\/\/store.galerieramand.com\/en\/wp-content\/uploads\/sites\/2\/2021\/05\/Serie-Les-Indestines-de-Fabien-Granet-dessin-sur-papier.jpg\",\"contentUrl\":\"https:\/\/store.galerieramand.com\/en\/wp-content\/uploads\/sites\/2\/2021\/05\/Serie-Les-Indestines-de-Fabien-Granet-dessin-sur-papier.jpg\",\"width\":1920,\"height\":1488,\"caption\":\"S\u00e9rie Les Indestin\u00e9s de Fabien Granet dessin sur papier\"},{\"@type\":\"BreadcrumbList\",\"@id\":\"https:\/\/store.galerieramand.com\/en\/artworks\/artists\/fabien-granet\/serie-les-indestines-1-fabien-granet\/#breadcrumb\",\"itemListElement\":[{\"@type\":\"ListItem\",\"position\":1,\"name\":\"Accueil\",\"item\":\"https:\/\/store.galerieramand.com\/en\/\"},{\"@type\":\"ListItem\",\"position\":2,\"name\":\"Artworks\",\"item\":\"https:\/\/store.galerieramand.com\/en\/artworks\/\"},{\"@type\":\"ListItem\",\"position\":3,\"name\":\"S\u00e9rie Les Indestin\u00e9s &#8211; 1 &#8211; Fabien Granet\"}]},{\"@type\":\"WebSite\",\"@id\":\"https:\/\/store.galerieramand.com\/en\/#website\",\"url\":\"https:\/\/store.galerieramand.com\/en\/\",\"name\":\"en.store.galerieramand\",\"description\":\"Online Store Galerie Ramand\",\"potentialAction\":[{\"@type\":\"SearchAction\",\"target\":{\"@type\":\"EntryPoint\",\"urlTemplate\":\"https:\/\/store.galerieramand.com\/en\/?s={search_term_string}\"},\"query-input\":{\"@type\":\"PropertyValueSpecification\",\"valueRequired\":true,\"valueName\":\"search_term_string\"}}],\"inLanguage\":\"en-GB\"}]}<\/script>\n<!-- \/ Yoast SEO plugin. -->","yoast_head_json":{"title":"S\u00e9rie Les Indestin\u00e9s - 1 - Fabien Granet - en.store.galerieramand by Galerie Ramand","description":"S\u00e9rie Les Indestin\u00e9s - 1 - Fabien Granet,\u00a0Charcoal, graphite and pastel on paper. Year : 2020, 20x26cm unique work","robots":{"index":"index","follow":"follow","max-snippet":"max-snippet:-1","max-image-preview":"max-image-preview:large","max-video-preview":"max-video-preview:-1"},"canonical":"https:\/\/store.galerieramand.com\/en\/artworks\/artists\/fabien-granet\/serie-les-indestines-1-fabien-granet\/","og_locale":"en_GB","og_type":"article","og_title":"S\u00e9rie Les Indestin\u00e9s - 1 - Fabien Granet - en.store.galerieramand by Galerie Ramand","og_description":"S\u00e9rie Les Indestin\u00e9s - 1 - Fabien Granet,\u00a0Charcoal, graphite and pastel on paper. Year : 2020, 20x26cm unique work","og_url":"https:\/\/store.galerieramand.com\/en\/artworks\/artists\/fabien-granet\/serie-les-indestines-1-fabien-granet\/","og_site_name":"en.store.galerieramand","article_modified_time":"2021-05-01T13:19:08+00:00","og_image":[{"width":1920,"height":1488,"url":"https:\/\/store.galerieramand.com\/en\/wp-content\/uploads\/sites\/2\/2021\/05\/Serie-Les-Indestines-de-Fabien-Granet-dessin-sur-papier.jpg","type":"image\/jpeg"}],"twitter_card":"summary_large_image","twitter_misc":{"Estimated reading time":"2 minutes"},"schema":{"@context":"https:\/\/schema.org","@graph":[{"@type":"WebPage","@id":"https:\/\/store.galerieramand.com\/en\/artworks\/artists\/fabien-granet\/serie-les-indestines-1-fabien-granet\/","url":"https:\/\/store.galerieramand.com\/en\/artworks\/artists\/fabien-granet\/serie-les-indestines-1-fabien-granet\/","name":"S\u00e9rie Les Indestin\u00e9s - 1 - Fabien Granet - en.store.galerieramand by Galerie Ramand","isPartOf":{"@id":"https:\/\/store.galerieramand.com\/en\/#website"},"primaryImageOfPage":{"@id":"https:\/\/store.galerieramand.com\/en\/artworks\/artists\/fabien-granet\/serie-les-indestines-1-fabien-granet\/#primaryimage"},"image":{"@id":"https:\/\/store.galerieramand.com\/en\/artworks\/artists\/fabien-granet\/serie-les-indestines-1-fabien-granet\/#primaryimage"},"thumbnailUrl":"https:\/\/store.galerieramand.com\/en\/wp-content\/uploads\/sites\/2\/2021\/05\/Serie-Les-Indestines-de-Fabien-Granet-dessin-sur-papier.jpg","datePublished":"2021-04-20T16:06:09+00:00","dateModified":"2021-05-01T13:19:08+00:00","description":"S\u00e9rie Les Indestin\u00e9s - 1 - Fabien Granet,\u00a0Charcoal, graphite and pastel on paper. Year : 2020, 20x26cm unique work","breadcrumb":{"@id":"https:\/\/store.galerieramand.com\/en\/artworks\/artists\/fabien-granet\/serie-les-indestines-1-fabien-granet\/#breadcrumb"},"inLanguage":"en-GB","potentialAction":[{"@type":"ReadAction","target":["https:\/\/store.galerieramand.com\/en\/artworks\/artists\/fabien-granet\/serie-les-indestines-1-fabien-granet\/"]}]},{"@type":"ImageObject","inLanguage":"en-GB","@id":"https:\/\/store.galerieramand.com\/en\/artworks\/artists\/fabien-granet\/serie-les-indestines-1-fabien-granet\/#primaryimage","url":"https:\/\/store.galerieramand.com\/en\/wp-content\/uploads\/sites\/2\/2021\/05\/Serie-Les-Indestines-de-Fabien-Granet-dessin-sur-papier.jpg","contentUrl":"https:\/\/store.galerieramand.com\/en\/wp-content\/uploads\/sites\/2\/2021\/05\/Serie-Les-Indestines-de-Fabien-Granet-dessin-sur-papier.jpg","width":1920,"height":1488,"caption":"S\u00e9rie Les Indestin\u00e9s de Fabien Granet dessin sur papier"},{"@type":"BreadcrumbList","@id":"https:\/\/store.galerieramand.com\/en\/artworks\/artists\/fabien-granet\/serie-les-indestines-1-fabien-granet\/#breadcrumb","itemListElement":[{"@type":"ListItem","position":1,"name":"Accueil","item":"https:\/\/store.galerieramand.com\/en\/"},{"@type":"ListItem","position":2,"name":"Artworks","item":"https:\/\/store.galerieramand.com\/en\/artworks\/"},{"@type":"ListItem","position":3,"name":"S\u00e9rie Les Indestin\u00e9s &#8211; 1 &#8211; Fabien Granet"}]},{"@type":"WebSite","@id":"https:\/\/store.galerieramand.com\/en\/#website","url":"https:\/\/store.galerieramand.com\/en\/","name":"en.store.galerieramand","description":"Online Store Galerie Ramand","potentialAction":[{"@type":"SearchAction","target":{"@type":"EntryPoint","urlTemplate":"https:\/\/store.galerieramand.com\/en\/?s={search_term_string}"},"query-input":{"@type":"PropertyValueSpecification","valueRequired":true,"valueName":"search_term_string"}}],"inLanguage":"en-GB"}]}},"_links":{"self":[{"href":"https:\/\/store.galerieramand.com\/en\/wp-json\/wp\/v2\/product\/558","targetHints":{"allow":["GET"]}}],"collection":[{"href":"https:\/\/store.galerieramand.com\/en\/wp-json\/wp\/v2\/product"}],"about":[{"href":"https:\/\/store.galerieramand.com\/en\/wp-json\/wp\/v2\/types\/product"}],"wp:featuredmedia":[{"embeddable":true,"href":"https:\/\/store.galerieramand.com\/en\/wp-json\/wp\/v2\/media\/689"}],"wp:attachment":[{"href":"https:\/\/store.galerieramand.com\/en\/wp-json\/wp\/v2\/media?parent=558"}],"wp:term":[{"taxonomy":"product_brand","embeddable":true,"href":"https:\/\/store.galerieramand.com\/en\/wp-json\/wp\/v2\/product_brand?post=558"},{"taxonomy":"product_cat","embeddable":true,"href":"https:\/\/store.galerieramand.com\/en\/wp-json\/wp\/v2\/product_cat?post=558"},{"taxonomy":"product_tag","embeddable":true,"href":"https:\/\/store.galerieramand.com\/en\/wp-json\/wp\/v2\/product_tag?post=558"}],"curies":[{"name":"wp","href":"https:\/\/api.w.org\/{rel}","templated":true}]}}