{"id":1642978,"date":"2025-10-01T13:50:37","date_gmt":"2025-10-01T12:50:37","guid":{"rendered":"https:\/\/store.galerieramand.com\/en\/?post_type=product&#038;p=1642978"},"modified":"2025-10-01T13:56:14","modified_gmt":"2025-10-01T12:56:14","slug":"horizon-en-ete-gabriel-riesnert","status":"publish","type":"product","link":"https:\/\/store.galerieramand.com\/en\/artworks\/artists\/gabriel-riesnert\/horizon-en-ete-gabriel-riesnert\/","title":{"rendered":"Horizon en \u00e9t\u00e9 Gabriel Riesnert"},"content":{"rendered":"<p>Horizon en \u00e9t\u00e9 Gabriel Riesnert<\/p>\n<p>The contrast between the deep blue of the Atlantic Ocean, the vibrant texture of the white foam on the sand, and the light clouds in the sky creates an atmosphere that is both soothing and lively. Small silhouettes playing by the sea evoke freedom and contemplation at the end of this summer day.<\/p>\n<p>Born in 1970, <a href=\"https:\/\/www.galerieramand.com\/artists\/gabriel-riesnert\/\"><b>Gabriel Riesnert <\/b><\/a>lives and works in Paris and south of France.<\/p>\n<p>Since his early age Gabriel Riesnert has been fascinated by the beauty of plant forms and urban architectural lines. His passion pushes him to a practice of painting and drawing between photographic inspiration and urban realism. The artist&#8217;s consideration of painting is essentially turned to a representation of what we see and perceive of these forms, whether they provide a fiction or an impression of beauty, of serenity.<\/p>\n<p>Beyond the visual, the creation of a work for Gabriel Riesnert is an interpretive experience and a journey intimately linked to space and time. His paintings often represent spaces and forms that are inspired by the tradition of the natural and architectural landscape. By enlarging details and creating a play of colors and shadows, the painter draws up a quest for the possible and a virgin path in the viewer&#8217;s eye.<\/p>\n<p>Horizon en \u00e9t\u00e9 Gabriel Riesnert<\/p>\n<p><a href=\"https:\/\/store.galerieramand.com\/en\/category\/artists\/gabriel-riesnert\/\"><strong>Find more Artwork by the Artist : HERE<\/strong><\/a><\/p>\n","protected":false},"excerpt":{"rendered":"<p>Oil Painting on stretched Linen<br \/>\nYear : 2025<br \/>\nSize 19 x 24 cm.<br \/>\nunique work, signed verso with certificate from the artist<\/p>\n<p>&nbsp;<\/p>\n","protected":false},"featured_media":1642960,"template":"","meta":{"_monsterinsights_skip_tracking":false,"_monsterinsights_sitenote_active":false,"_monsterinsights_sitenote_note":"","_monsterinsights_sitenote_category":0},"product_brand":[],"product_cat":[73,100],"product_tag":[],"class_list":{"0":"post-1642978","1":"product","2":"type-product","3":"status-publish","4":"has-post-thumbnail","6":"product_cat-painting","7":"product_cat-gabriel-riesnert","9":"first","10":"instock","11":"shipping-taxable","12":"purchasable","13":"product-type-simple"},"yoast_head":"<!-- This site is optimized with the Yoast SEO plugin v27.2 - https:\/\/yoast.com\/product\/yoast-seo-wordpress\/ -->\n<title>Horizon en \u00e9t\u00e9 Gabriel Riesnert - en.store.galerieramand<\/title>\n<meta name=\"description\" content=\"Horizon en \u00e9t\u00e9 Gabriel Riesnert . Oil Paiting on stretched Linen. Year : 2025. Work Size 19 x 24 cm, unique work,\" \/>\n<meta name=\"robots\" content=\"index, follow, max-snippet:-1, max-image-preview:large, max-video-preview:-1\" \/>\n<link rel=\"canonical\" href=\"https:\/\/store.galerieramand.com\/en\/artworks\/artists\/gabriel-riesnert\/horizon-en-ete-gabriel-riesnert\/\" \/>\n<meta property=\"og:locale\" content=\"en_GB\" \/>\n<meta property=\"og:type\" content=\"article\" \/>\n<meta property=\"og:title\" content=\"Horizon en \u00e9t\u00e9 Gabriel Riesnert - en.store.galerieramand\" \/>\n<meta property=\"og:description\" content=\"Horizon en \u00e9t\u00e9 Gabriel Riesnert . Oil Paiting on stretched Linen. Year : 2025. Work Size 19 x 24 cm, unique work,\" \/>\n<meta property=\"og:url\" content=\"https:\/\/store.galerieramand.com\/en\/artworks\/artists\/gabriel-riesnert\/horizon-en-ete-gabriel-riesnert\/\" \/>\n<meta property=\"og:site_name\" content=\"en.store.galerieramand\" \/>\n<meta property=\"article:modified_time\" content=\"2025-10-01T12:56:14+00:00\" \/>\n<meta property=\"og:image\" content=\"https:\/\/store.galerieramand.com\/en\/wp-content\/uploads\/sites\/2\/2025\/10\/Horizon-dete-Gabriel-Riesnert_19x24_Huile-sur-toile_2025.jpg\" \/>\n\t<meta property=\"og:image:width\" content=\"1523\" \/>\n\t<meta property=\"og:image:height\" content=\"1920\" \/>\n\t<meta property=\"og:image:type\" content=\"image\/jpeg\" \/>\n<meta name=\"twitter:card\" content=\"summary_large_image\" \/>\n<meta name=\"twitter:label1\" content=\"Estimated reading time\" \/>\n\t<meta name=\"twitter:data1\" content=\"2 minutes\" \/>\n<script type=\"application\/ld+json\" class=\"yoast-schema-graph\">{\"@context\":\"https:\/\/schema.org\",\"@graph\":[{\"@type\":\"WebPage\",\"@id\":\"https:\/\/store.galerieramand.com\/en\/artworks\/artists\/gabriel-riesnert\/horizon-en-ete-gabriel-riesnert\/\",\"url\":\"https:\/\/store.galerieramand.com\/en\/artworks\/artists\/gabriel-riesnert\/horizon-en-ete-gabriel-riesnert\/\",\"name\":\"Horizon en \u00e9t\u00e9 Gabriel Riesnert - en.store.galerieramand\",\"isPartOf\":{\"@id\":\"https:\/\/store.galerieramand.com\/en\/#website\"},\"primaryImageOfPage\":{\"@id\":\"https:\/\/store.galerieramand.com\/en\/artworks\/artists\/gabriel-riesnert\/horizon-en-ete-gabriel-riesnert\/#primaryimage\"},\"image\":{\"@id\":\"https:\/\/store.galerieramand.com\/en\/artworks\/artists\/gabriel-riesnert\/horizon-en-ete-gabriel-riesnert\/#primaryimage\"},\"thumbnailUrl\":\"https:\/\/store.galerieramand.com\/en\/wp-content\/uploads\/sites\/2\/2025\/10\/Horizon-dete-Gabriel-Riesnert_19x24_Huile-sur-toile_2025.jpg\",\"datePublished\":\"2025-10-01T12:50:37+00:00\",\"dateModified\":\"2025-10-01T12:56:14+00:00\",\"description\":\"Horizon en \u00e9t\u00e9 Gabriel Riesnert . Oil Paiting on stretched Linen. Year : 2025. Work Size 19 x 24 cm, unique work,\",\"breadcrumb\":{\"@id\":\"https:\/\/store.galerieramand.com\/en\/artworks\/artists\/gabriel-riesnert\/horizon-en-ete-gabriel-riesnert\/#breadcrumb\"},\"inLanguage\":\"en-GB\",\"potentialAction\":[{\"@type\":\"ReadAction\",\"target\":[\"https:\/\/store.galerieramand.com\/en\/artworks\/artists\/gabriel-riesnert\/horizon-en-ete-gabriel-riesnert\/\"]}]},{\"@type\":\"ImageObject\",\"inLanguage\":\"en-GB\",\"@id\":\"https:\/\/store.galerieramand.com\/en\/artworks\/artists\/gabriel-riesnert\/horizon-en-ete-gabriel-riesnert\/#primaryimage\",\"url\":\"https:\/\/store.galerieramand.com\/en\/wp-content\/uploads\/sites\/2\/2025\/10\/Horizon-dete-Gabriel-Riesnert_19x24_Huile-sur-toile_2025.jpg\",\"contentUrl\":\"https:\/\/store.galerieramand.com\/en\/wp-content\/uploads\/sites\/2\/2025\/10\/Horizon-dete-Gabriel-Riesnert_19x24_Huile-sur-toile_2025.jpg\",\"width\":1523,\"height\":1920,\"caption\":\"Horizon d'\u00e9t\u00e9 Gabriel Riesnert_19x24_Huile sur toile_2025\"},{\"@type\":\"BreadcrumbList\",\"@id\":\"https:\/\/store.galerieramand.com\/en\/artworks\/artists\/gabriel-riesnert\/horizon-en-ete-gabriel-riesnert\/#breadcrumb\",\"itemListElement\":[{\"@type\":\"ListItem\",\"position\":1,\"name\":\"Accueil\",\"item\":\"https:\/\/store.galerieramand.com\/en\/\"},{\"@type\":\"ListItem\",\"position\":2,\"name\":\"Artworks\",\"item\":\"https:\/\/store.galerieramand.com\/en\/artworks\/\"},{\"@type\":\"ListItem\",\"position\":3,\"name\":\"Horizon en \u00e9t\u00e9 Gabriel Riesnert\"}]},{\"@type\":\"WebSite\",\"@id\":\"https:\/\/store.galerieramand.com\/en\/#website\",\"url\":\"https:\/\/store.galerieramand.com\/en\/\",\"name\":\"en.store.galerieramand\",\"description\":\"Online Store Galerie Ramand\",\"potentialAction\":[{\"@type\":\"SearchAction\",\"target\":{\"@type\":\"EntryPoint\",\"urlTemplate\":\"https:\/\/store.galerieramand.com\/en\/?s={search_term_string}\"},\"query-input\":{\"@type\":\"PropertyValueSpecification\",\"valueRequired\":true,\"valueName\":\"search_term_string\"}}],\"inLanguage\":\"en-GB\"}]}<\/script>\n<!-- \/ Yoast SEO plugin. -->","yoast_head_json":{"title":"Horizon en \u00e9t\u00e9 Gabriel Riesnert - en.store.galerieramand","description":"Horizon en \u00e9t\u00e9 Gabriel Riesnert . Oil Paiting on stretched Linen. Year : 2025. Work Size 19 x 24 cm, unique work,","robots":{"index":"index","follow":"follow","max-snippet":"max-snippet:-1","max-image-preview":"max-image-preview:large","max-video-preview":"max-video-preview:-1"},"canonical":"https:\/\/store.galerieramand.com\/en\/artworks\/artists\/gabriel-riesnert\/horizon-en-ete-gabriel-riesnert\/","og_locale":"en_GB","og_type":"article","og_title":"Horizon en \u00e9t\u00e9 Gabriel Riesnert - en.store.galerieramand","og_description":"Horizon en \u00e9t\u00e9 Gabriel Riesnert . Oil Paiting on stretched Linen. Year : 2025. Work Size 19 x 24 cm, unique work,","og_url":"https:\/\/store.galerieramand.com\/en\/artworks\/artists\/gabriel-riesnert\/horizon-en-ete-gabriel-riesnert\/","og_site_name":"en.store.galerieramand","article_modified_time":"2025-10-01T12:56:14+00:00","og_image":[{"width":1523,"height":1920,"url":"https:\/\/store.galerieramand.com\/en\/wp-content\/uploads\/sites\/2\/2025\/10\/Horizon-dete-Gabriel-Riesnert_19x24_Huile-sur-toile_2025.jpg","type":"image\/jpeg"}],"twitter_card":"summary_large_image","twitter_misc":{"Estimated reading time":"2 minutes"},"schema":{"@context":"https:\/\/schema.org","@graph":[{"@type":"WebPage","@id":"https:\/\/store.galerieramand.com\/en\/artworks\/artists\/gabriel-riesnert\/horizon-en-ete-gabriel-riesnert\/","url":"https:\/\/store.galerieramand.com\/en\/artworks\/artists\/gabriel-riesnert\/horizon-en-ete-gabriel-riesnert\/","name":"Horizon en \u00e9t\u00e9 Gabriel Riesnert - en.store.galerieramand","isPartOf":{"@id":"https:\/\/store.galerieramand.com\/en\/#website"},"primaryImageOfPage":{"@id":"https:\/\/store.galerieramand.com\/en\/artworks\/artists\/gabriel-riesnert\/horizon-en-ete-gabriel-riesnert\/#primaryimage"},"image":{"@id":"https:\/\/store.galerieramand.com\/en\/artworks\/artists\/gabriel-riesnert\/horizon-en-ete-gabriel-riesnert\/#primaryimage"},"thumbnailUrl":"https:\/\/store.galerieramand.com\/en\/wp-content\/uploads\/sites\/2\/2025\/10\/Horizon-dete-Gabriel-Riesnert_19x24_Huile-sur-toile_2025.jpg","datePublished":"2025-10-01T12:50:37+00:00","dateModified":"2025-10-01T12:56:14+00:00","description":"Horizon en \u00e9t\u00e9 Gabriel Riesnert . Oil Paiting on stretched Linen. Year : 2025. Work Size 19 x 24 cm, unique work,","breadcrumb":{"@id":"https:\/\/store.galerieramand.com\/en\/artworks\/artists\/gabriel-riesnert\/horizon-en-ete-gabriel-riesnert\/#breadcrumb"},"inLanguage":"en-GB","potentialAction":[{"@type":"ReadAction","target":["https:\/\/store.galerieramand.com\/en\/artworks\/artists\/gabriel-riesnert\/horizon-en-ete-gabriel-riesnert\/"]}]},{"@type":"ImageObject","inLanguage":"en-GB","@id":"https:\/\/store.galerieramand.com\/en\/artworks\/artists\/gabriel-riesnert\/horizon-en-ete-gabriel-riesnert\/#primaryimage","url":"https:\/\/store.galerieramand.com\/en\/wp-content\/uploads\/sites\/2\/2025\/10\/Horizon-dete-Gabriel-Riesnert_19x24_Huile-sur-toile_2025.jpg","contentUrl":"https:\/\/store.galerieramand.com\/en\/wp-content\/uploads\/sites\/2\/2025\/10\/Horizon-dete-Gabriel-Riesnert_19x24_Huile-sur-toile_2025.jpg","width":1523,"height":1920,"caption":"Horizon d'\u00e9t\u00e9 Gabriel Riesnert_19x24_Huile sur toile_2025"},{"@type":"BreadcrumbList","@id":"https:\/\/store.galerieramand.com\/en\/artworks\/artists\/gabriel-riesnert\/horizon-en-ete-gabriel-riesnert\/#breadcrumb","itemListElement":[{"@type":"ListItem","position":1,"name":"Accueil","item":"https:\/\/store.galerieramand.com\/en\/"},{"@type":"ListItem","position":2,"name":"Artworks","item":"https:\/\/store.galerieramand.com\/en\/artworks\/"},{"@type":"ListItem","position":3,"name":"Horizon en \u00e9t\u00e9 Gabriel Riesnert"}]},{"@type":"WebSite","@id":"https:\/\/store.galerieramand.com\/en\/#website","url":"https:\/\/store.galerieramand.com\/en\/","name":"en.store.galerieramand","description":"Online Store Galerie Ramand","potentialAction":[{"@type":"SearchAction","target":{"@type":"EntryPoint","urlTemplate":"https:\/\/store.galerieramand.com\/en\/?s={search_term_string}"},"query-input":{"@type":"PropertyValueSpecification","valueRequired":true,"valueName":"search_term_string"}}],"inLanguage":"en-GB"}]}},"_links":{"self":[{"href":"https:\/\/store.galerieramand.com\/en\/wp-json\/wp\/v2\/product\/1642978","targetHints":{"allow":["GET"]}}],"collection":[{"href":"https:\/\/store.galerieramand.com\/en\/wp-json\/wp\/v2\/product"}],"about":[{"href":"https:\/\/store.galerieramand.com\/en\/wp-json\/wp\/v2\/types\/product"}],"wp:featuredmedia":[{"embeddable":true,"href":"https:\/\/store.galerieramand.com\/en\/wp-json\/wp\/v2\/media\/1642960"}],"wp:attachment":[{"href":"https:\/\/store.galerieramand.com\/en\/wp-json\/wp\/v2\/media?parent=1642978"}],"wp:term":[{"taxonomy":"product_brand","embeddable":true,"href":"https:\/\/store.galerieramand.com\/en\/wp-json\/wp\/v2\/product_brand?post=1642978"},{"taxonomy":"product_cat","embeddable":true,"href":"https:\/\/store.galerieramand.com\/en\/wp-json\/wp\/v2\/product_cat?post=1642978"},{"taxonomy":"product_tag","embeddable":true,"href":"https:\/\/store.galerieramand.com\/en\/wp-json\/wp\/v2\/product_tag?post=1642978"}],"curies":[{"name":"wp","href":"https:\/\/api.w.org\/{rel}","templated":true}]}}