{"id":1642917,"date":"2025-04-26T14:36:58","date_gmt":"2025-04-26T13:36:58","guid":{"rendered":"https:\/\/store.galerieramand.com\/en\/?post_type=product&#038;p=1642917"},"modified":"2025-04-26T14:42:17","modified_gmt":"2025-04-26T13:42:17","slug":"reunir-a-la-surface-deniz-bayav","status":"publish","type":"product","link":"https:\/\/store.galerieramand.com\/en\/artworks\/artists\/deniz-bayav\/reunir-a-la-surface-deniz-bayav\/","title":{"rendered":"R\u00e9unir \u00e0 la Surface Deniz Bayav"},"content":{"rendered":"<p>R\u00e9unir \u00e0 la Surface Deniz Bayav<\/p>\n<p><a href=\"https:\/\/www.galerieramand.com\/artists\/deniz-bayav\/\">Deniz Bayav<\/a> was born in 1980 in Merzifon, Turkey. She lives and works in France. She holds a doctorate in plastic arts from Marmara University (Istanbul), specializing in painting and printmaking.<\/p>\n<p>The artist has exhibited in Istanbul, Toronto and internationally at fairs, biennales and art galleries. Her works can be found in numerous collections, including Bradley University, Suites Art Gallery, Alfredo Guati Rojo National Watercolor Museum, Luis Noboa Naranjo Museum, Ilhan Koman Painting and Sculpture Museum, Elhovo Town Hall, Marie de Luleburgaz, Osman Inci Museum.<\/p>\n<p>Since 2006, Deniz Bayav has been teaching painting, printmaking and drawing at Trakya University (Thrace) in the Painting Department in Edirne, where she is a full professor. During the 2018-2019 academic year she worked as a \u201cvisiting professor\u201d at the University of Paris 8 in the Plastic Arts department. During the 2023-2024 academic year, she is a \u201cvisiting professor\u201d at the \u00c9cole Sup\u00e9rieure d&#8217;Art | Dunkerque-Tourcoing.<\/p>\n<p><em>R\u00e9unir \u00e0 la Surface Deniz Bayav<\/em><\/p>\n<p><strong>Find more Artwork by Deniz Bayav : <a href=\"https:\/\/store.galerieramand.com\/en\/category\/artists\/deniz-bayav\/\">HERE<\/a><\/strong><\/p>\n","protected":false},"excerpt":{"rendered":"<p>Original acrylic painting on paper<br \/>\nYear : 2024<br \/>\nSize 46 x 32 cm, Framed in 50 x 40cm classic frame, with Museum matting included<br \/>\nunique work, signed Verso<\/p>\n","protected":false},"featured_media":1642911,"template":"","meta":{"_monsterinsights_skip_tracking":false,"_monsterinsights_sitenote_active":false,"_monsterinsights_sitenote_note":"","_monsterinsights_sitenote_category":0},"product_brand":[],"product_cat":[74,73,106],"product_tag":[],"class_list":{"0":"post-1642917","1":"product","2":"type-product","3":"status-publish","4":"has-post-thumbnail","6":"product_cat-drawing","7":"product_cat-painting","8":"product_cat-deniz-bayav","10":"first","11":"instock","12":"sold-individually","13":"shipping-taxable","14":"purchasable","15":"product-type-simple"},"yoast_head":"<!-- This site is optimized with the Yoast SEO plugin v27.5 - https:\/\/yoast.com\/product\/yoast-seo-wordpress\/ -->\n<title>R\u00e9unir \u00e0 la Surface Deniz Bayav - Galerie Ramand<\/title>\n<meta name=\"description\" content=\"R\u00e9unir \u00e0 la Surface Deniz Bayav. Original Acrylic painting on Paper, Year 2024. Size 46 x 32 cm, unique work, framed.\" \/>\n<meta name=\"robots\" content=\"index, follow, max-snippet:-1, max-image-preview:large, max-video-preview:-1\" \/>\n<link rel=\"canonical\" href=\"https:\/\/store.galerieramand.com\/en\/artworks\/artists\/deniz-bayav\/reunir-a-la-surface-deniz-bayav\/\" \/>\n<meta property=\"og:locale\" content=\"en_GB\" \/>\n<meta property=\"og:type\" content=\"article\" \/>\n<meta property=\"og:title\" content=\"R\u00e9unir \u00e0 la Surface Deniz Bayav - Galerie Ramand\" \/>\n<meta property=\"og:description\" content=\"R\u00e9unir \u00e0 la Surface Deniz Bayav. Original Acrylic painting on Paper, Year 2024. Size 46 x 32 cm, unique work, framed.\" \/>\n<meta property=\"og:url\" content=\"https:\/\/store.galerieramand.com\/en\/artworks\/artists\/deniz-bayav\/reunir-a-la-surface-deniz-bayav\/\" \/>\n<meta property=\"og:site_name\" content=\"en.store.galerieramand\" \/>\n<meta property=\"article:modified_time\" content=\"2025-04-26T13:42:17+00:00\" \/>\n<meta property=\"og:image\" content=\"https:\/\/store.galerieramand.com\/en\/wp-content\/uploads\/sites\/2\/2025\/04\/Reunir-a-la-Surface-Deniz-Bayav_46x32cm-Acrilique-sur-papier_8.jpg\" \/>\n\t<meta property=\"og:image:width\" content=\"1414\" \/>\n\t<meta property=\"og:image:height\" content=\"2000\" \/>\n\t<meta property=\"og:image:type\" content=\"image\/jpeg\" \/>\n<meta name=\"twitter:card\" content=\"summary_large_image\" \/>\n<meta name=\"twitter:label1\" content=\"Estimated reading time\" \/>\n\t<meta name=\"twitter:data1\" content=\"1 minute\" \/>\n<script type=\"application\/ld+json\" class=\"yoast-schema-graph\">{\"@context\":\"https:\\\/\\\/schema.org\",\"@graph\":[{\"@type\":\"WebPage\",\"@id\":\"https:\\\/\\\/store.galerieramand.com\\\/en\\\/artworks\\\/artists\\\/deniz-bayav\\\/reunir-a-la-surface-deniz-bayav\\\/\",\"url\":\"https:\\\/\\\/store.galerieramand.com\\\/en\\\/artworks\\\/artists\\\/deniz-bayav\\\/reunir-a-la-surface-deniz-bayav\\\/\",\"name\":\"R\u00e9unir \u00e0 la Surface Deniz Bayav - Galerie Ramand\",\"isPartOf\":{\"@id\":\"https:\\\/\\\/store.galerieramand.com\\\/en\\\/#website\"},\"primaryImageOfPage\":{\"@id\":\"https:\\\/\\\/store.galerieramand.com\\\/en\\\/artworks\\\/artists\\\/deniz-bayav\\\/reunir-a-la-surface-deniz-bayav\\\/#primaryimage\"},\"image\":{\"@id\":\"https:\\\/\\\/store.galerieramand.com\\\/en\\\/artworks\\\/artists\\\/deniz-bayav\\\/reunir-a-la-surface-deniz-bayav\\\/#primaryimage\"},\"thumbnailUrl\":\"https:\\\/\\\/store.galerieramand.com\\\/en\\\/wp-content\\\/uploads\\\/sites\\\/2\\\/2025\\\/04\\\/Reunir-a-la-Surface-Deniz-Bayav_46x32cm-Acrilique-sur-papier_8.jpg\",\"datePublished\":\"2025-04-26T13:36:58+00:00\",\"dateModified\":\"2025-04-26T13:42:17+00:00\",\"description\":\"R\u00e9unir \u00e0 la Surface Deniz Bayav. Original Acrylic painting on Paper, Year 2024. Size 46 x 32 cm, unique work, framed.\",\"breadcrumb\":{\"@id\":\"https:\\\/\\\/store.galerieramand.com\\\/en\\\/artworks\\\/artists\\\/deniz-bayav\\\/reunir-a-la-surface-deniz-bayav\\\/#breadcrumb\"},\"inLanguage\":\"en-GB\",\"potentialAction\":[{\"@type\":\"ReadAction\",\"target\":[\"https:\\\/\\\/store.galerieramand.com\\\/en\\\/artworks\\\/artists\\\/deniz-bayav\\\/reunir-a-la-surface-deniz-bayav\\\/\"]}]},{\"@type\":\"ImageObject\",\"inLanguage\":\"en-GB\",\"@id\":\"https:\\\/\\\/store.galerieramand.com\\\/en\\\/artworks\\\/artists\\\/deniz-bayav\\\/reunir-a-la-surface-deniz-bayav\\\/#primaryimage\",\"url\":\"https:\\\/\\\/store.galerieramand.com\\\/en\\\/wp-content\\\/uploads\\\/sites\\\/2\\\/2025\\\/04\\\/Reunir-a-la-Surface-Deniz-Bayav_46x32cm-Acrilique-sur-papier_8.jpg\",\"contentUrl\":\"https:\\\/\\\/store.galerieramand.com\\\/en\\\/wp-content\\\/uploads\\\/sites\\\/2\\\/2025\\\/04\\\/Reunir-a-la-Surface-Deniz-Bayav_46x32cm-Acrilique-sur-papier_8.jpg\",\"width\":1414,\"height\":2000,\"caption\":\"R\u00e9unir \u00e0 la Surface Deniz Bayav_46x32cm Acrilique sur papier_8\"},{\"@type\":\"BreadcrumbList\",\"@id\":\"https:\\\/\\\/store.galerieramand.com\\\/en\\\/artworks\\\/artists\\\/deniz-bayav\\\/reunir-a-la-surface-deniz-bayav\\\/#breadcrumb\",\"itemListElement\":[{\"@type\":\"ListItem\",\"position\":1,\"name\":\"Accueil\",\"item\":\"https:\\\/\\\/store.galerieramand.com\\\/en\\\/\"},{\"@type\":\"ListItem\",\"position\":2,\"name\":\"Artworks\",\"item\":\"https:\\\/\\\/store.galerieramand.com\\\/en\\\/artworks\\\/\"},{\"@type\":\"ListItem\",\"position\":3,\"name\":\"R\u00e9unir \u00e0 la Surface Deniz Bayav\"}]},{\"@type\":\"WebSite\",\"@id\":\"https:\\\/\\\/store.galerieramand.com\\\/en\\\/#website\",\"url\":\"https:\\\/\\\/store.galerieramand.com\\\/en\\\/\",\"name\":\"en.store.galerieramand\",\"description\":\"Online Store Galerie Ramand\",\"potentialAction\":[{\"@type\":\"SearchAction\",\"target\":{\"@type\":\"EntryPoint\",\"urlTemplate\":\"https:\\\/\\\/store.galerieramand.com\\\/en\\\/?s={search_term_string}\"},\"query-input\":{\"@type\":\"PropertyValueSpecification\",\"valueRequired\":true,\"valueName\":\"search_term_string\"}}],\"inLanguage\":\"en-GB\"}]}<\/script>\n<!-- \/ Yoast SEO plugin. -->","yoast_head_json":{"title":"R\u00e9unir \u00e0 la Surface Deniz Bayav - Galerie Ramand","description":"R\u00e9unir \u00e0 la Surface Deniz Bayav. Original Acrylic painting on Paper, Year 2024. Size 46 x 32 cm, unique work, framed.","robots":{"index":"index","follow":"follow","max-snippet":"max-snippet:-1","max-image-preview":"max-image-preview:large","max-video-preview":"max-video-preview:-1"},"canonical":"https:\/\/store.galerieramand.com\/en\/artworks\/artists\/deniz-bayav\/reunir-a-la-surface-deniz-bayav\/","og_locale":"en_GB","og_type":"article","og_title":"R\u00e9unir \u00e0 la Surface Deniz Bayav - Galerie Ramand","og_description":"R\u00e9unir \u00e0 la Surface Deniz Bayav. Original Acrylic painting on Paper, Year 2024. Size 46 x 32 cm, unique work, framed.","og_url":"https:\/\/store.galerieramand.com\/en\/artworks\/artists\/deniz-bayav\/reunir-a-la-surface-deniz-bayav\/","og_site_name":"en.store.galerieramand","article_modified_time":"2025-04-26T13:42:17+00:00","og_image":[{"width":1414,"height":2000,"url":"https:\/\/store.galerieramand.com\/en\/wp-content\/uploads\/sites\/2\/2025\/04\/Reunir-a-la-Surface-Deniz-Bayav_46x32cm-Acrilique-sur-papier_8.jpg","type":"image\/jpeg"}],"twitter_card":"summary_large_image","twitter_misc":{"Estimated reading time":"1 minute"},"schema":{"@context":"https:\/\/schema.org","@graph":[{"@type":"WebPage","@id":"https:\/\/store.galerieramand.com\/en\/artworks\/artists\/deniz-bayav\/reunir-a-la-surface-deniz-bayav\/","url":"https:\/\/store.galerieramand.com\/en\/artworks\/artists\/deniz-bayav\/reunir-a-la-surface-deniz-bayav\/","name":"R\u00e9unir \u00e0 la Surface Deniz Bayav - Galerie Ramand","isPartOf":{"@id":"https:\/\/store.galerieramand.com\/en\/#website"},"primaryImageOfPage":{"@id":"https:\/\/store.galerieramand.com\/en\/artworks\/artists\/deniz-bayav\/reunir-a-la-surface-deniz-bayav\/#primaryimage"},"image":{"@id":"https:\/\/store.galerieramand.com\/en\/artworks\/artists\/deniz-bayav\/reunir-a-la-surface-deniz-bayav\/#primaryimage"},"thumbnailUrl":"https:\/\/store.galerieramand.com\/en\/wp-content\/uploads\/sites\/2\/2025\/04\/Reunir-a-la-Surface-Deniz-Bayav_46x32cm-Acrilique-sur-papier_8.jpg","datePublished":"2025-04-26T13:36:58+00:00","dateModified":"2025-04-26T13:42:17+00:00","description":"R\u00e9unir \u00e0 la Surface Deniz Bayav. Original Acrylic painting on Paper, Year 2024. Size 46 x 32 cm, unique work, framed.","breadcrumb":{"@id":"https:\/\/store.galerieramand.com\/en\/artworks\/artists\/deniz-bayav\/reunir-a-la-surface-deniz-bayav\/#breadcrumb"},"inLanguage":"en-GB","potentialAction":[{"@type":"ReadAction","target":["https:\/\/store.galerieramand.com\/en\/artworks\/artists\/deniz-bayav\/reunir-a-la-surface-deniz-bayav\/"]}]},{"@type":"ImageObject","inLanguage":"en-GB","@id":"https:\/\/store.galerieramand.com\/en\/artworks\/artists\/deniz-bayav\/reunir-a-la-surface-deniz-bayav\/#primaryimage","url":"https:\/\/store.galerieramand.com\/en\/wp-content\/uploads\/sites\/2\/2025\/04\/Reunir-a-la-Surface-Deniz-Bayav_46x32cm-Acrilique-sur-papier_8.jpg","contentUrl":"https:\/\/store.galerieramand.com\/en\/wp-content\/uploads\/sites\/2\/2025\/04\/Reunir-a-la-Surface-Deniz-Bayav_46x32cm-Acrilique-sur-papier_8.jpg","width":1414,"height":2000,"caption":"R\u00e9unir \u00e0 la Surface Deniz Bayav_46x32cm Acrilique sur papier_8"},{"@type":"BreadcrumbList","@id":"https:\/\/store.galerieramand.com\/en\/artworks\/artists\/deniz-bayav\/reunir-a-la-surface-deniz-bayav\/#breadcrumb","itemListElement":[{"@type":"ListItem","position":1,"name":"Accueil","item":"https:\/\/store.galerieramand.com\/en\/"},{"@type":"ListItem","position":2,"name":"Artworks","item":"https:\/\/store.galerieramand.com\/en\/artworks\/"},{"@type":"ListItem","position":3,"name":"R\u00e9unir \u00e0 la Surface Deniz Bayav"}]},{"@type":"WebSite","@id":"https:\/\/store.galerieramand.com\/en\/#website","url":"https:\/\/store.galerieramand.com\/en\/","name":"en.store.galerieramand","description":"Online Store Galerie Ramand","potentialAction":[{"@type":"SearchAction","target":{"@type":"EntryPoint","urlTemplate":"https:\/\/store.galerieramand.com\/en\/?s={search_term_string}"},"query-input":{"@type":"PropertyValueSpecification","valueRequired":true,"valueName":"search_term_string"}}],"inLanguage":"en-GB"}]}},"_links":{"self":[{"href":"https:\/\/store.galerieramand.com\/en\/wp-json\/wp\/v2\/product\/1642917","targetHints":{"allow":["GET"]}}],"collection":[{"href":"https:\/\/store.galerieramand.com\/en\/wp-json\/wp\/v2\/product"}],"about":[{"href":"https:\/\/store.galerieramand.com\/en\/wp-json\/wp\/v2\/types\/product"}],"wp:featuredmedia":[{"embeddable":true,"href":"https:\/\/store.galerieramand.com\/en\/wp-json\/wp\/v2\/media\/1642911"}],"wp:attachment":[{"href":"https:\/\/store.galerieramand.com\/en\/wp-json\/wp\/v2\/media?parent=1642917"}],"wp:term":[{"taxonomy":"product_brand","embeddable":true,"href":"https:\/\/store.galerieramand.com\/en\/wp-json\/wp\/v2\/product_brand?post=1642917"},{"taxonomy":"product_cat","embeddable":true,"href":"https:\/\/store.galerieramand.com\/en\/wp-json\/wp\/v2\/product_cat?post=1642917"},{"taxonomy":"product_tag","embeddable":true,"href":"https:\/\/store.galerieramand.com\/en\/wp-json\/wp\/v2\/product_tag?post=1642917"}],"curies":[{"name":"wp","href":"https:\/\/api.w.org\/{rel}","templated":true}]}}