{"id":1642744,"date":"2024-12-07T14:02:00","date_gmt":"2024-12-07T14:02:00","guid":{"rendered":"https:\/\/store.galerieramand.com\/en\/?post_type=product&#038;p=1642744"},"modified":"2026-03-23T13:57:13","modified_gmt":"2026-03-23T13:57:13","slug":"ou-voulaient-ils-aller-aurelie-sicas","status":"publish","type":"product","link":"https:\/\/store.galerieramand.com\/en\/artworks\/artists\/aurelie-sicas\/ou-voulaient-ils-aller-aurelie-sicas\/","title":{"rendered":"O\u00f9 voulaient-ils aller Aur\u00e9lie Sicas"},"content":{"rendered":"<p>O\u00f9 voulaient-ils aller Aur\u00e9lie Sicas<\/p>\n<p>Born in Lisbon in 1979, <a href=\"https:\/\/www.galerieramand.com\/artists\/aurelie-sicas-2\/\"><strong><em>Aur\u00e9lie Sicas<\/em><\/strong><\/a> has lived and worked in Nantes for 15 years. After a first year at the Ecole des Beaux-Arts de Nantes, the need to discover new horizons led her to the Institut des Arts Visuels de la Martinique. Passionate about silver photography and painting, she obtained her DNAP with the congratulations of the jury. She continued her work as a painter until rediscovering charcoal in 2018. She now devotes herself entirely to this practice.<\/p>\n<p>\u201cThe human figure is the starting point for my visual research. Perceived as a complex and paradoxical enigma, I attempt to unravel its mystery through the staging of fictional characters. But who are they? What role(s) do they play? Are they aware of it?<br \/>\nDrawing on personal experience as well as the history of art and cinema, my work questions intimacy, appearance, (in)communicability, empathy, duality, otherness&#8230;<\/p>\n<p>Using a variety of artifices (clothing and accessories), I give body to all kinds of characters, with no gender limits. Through this approach, I seek to experience the other, sometimes using stereotypes, whether conscious or not. J.-C. Kaufmann wrote \u201cthe subject is never so much himself as when he becomes other\u201d&#8230; I seek psychological tension through gestures that reveal subtle inner and unconscious states. In my latest series, the absence of faces brings great freedom of interpretation while invoking the metaphor of the mask.\u201d [&#8230;]\n<p>O\u00f9 voulaient-ils aller Aur\u00e9lie Sicas<\/p>\n<p><a href=\"https:\/\/store.galerieramand.com\/en\/category\/artists\/aurelie-sicas\/\"><strong>Find more Artwork by the Artist : HERE<\/strong><\/a><\/p>\n","protected":false},"excerpt":{"rendered":"<p>Drawing, Charcoal on paper (Without Frame)<br \/>\nYear : 2024<br \/>\nSize<span style=\"font-size: 14.4px;\">\u00a0<\/span><span style=\"font-size: 14.4px;\"> 30 x 40 cm<\/span><br \/>\nunique work, signed verso.<\/p>\n<p>&nbsp;<\/p>\n","protected":false},"featured_media":1642745,"template":"","meta":{"_monsterinsights_skip_tracking":false,"_monsterinsights_sitenote_active":false,"_monsterinsights_sitenote_note":"","_monsterinsights_sitenote_category":0},"product_brand":[],"product_cat":[74,108],"product_tag":[],"class_list":{"0":"post-1642744","1":"product","2":"type-product","3":"status-publish","4":"has-post-thumbnail","6":"product_cat-drawing","7":"product_cat-aurelie-sicas","9":"first","10":"instock","11":"shipping-taxable","12":"product-type-simple"},"yoast_head":"<!-- This site is optimized with the Yoast SEO plugin v27.2 - https:\/\/yoast.com\/product\/yoast-seo-wordpress\/ -->\n<title>O\u00f9 voulaient-ils aller Aur\u00e9lie Sicas<\/title>\n<meta name=\"description\" content=\"O\u00f9 voulaient-ils aller Aur\u00e9lie Sicas. Drawing, Charcoal on paper. Year : 2024. Size 30 x 40 cm, unique and original work.\" \/>\n<meta name=\"robots\" content=\"index, follow, max-snippet:-1, max-image-preview:large, max-video-preview:-1\" \/>\n<link rel=\"canonical\" href=\"https:\/\/store.galerieramand.com\/en\/artworks\/artists\/aurelie-sicas\/ou-voulaient-ils-aller-aurelie-sicas\/\" \/>\n<meta property=\"og:locale\" content=\"en_GB\" \/>\n<meta property=\"og:type\" content=\"article\" \/>\n<meta property=\"og:title\" content=\"O\u00f9 voulaient-ils aller Aur\u00e9lie Sicas\" \/>\n<meta property=\"og:description\" content=\"O\u00f9 voulaient-ils aller Aur\u00e9lie Sicas. Drawing, Charcoal on paper. Year : 2024. Size 30 x 40 cm, unique and original work.\" \/>\n<meta property=\"og:url\" content=\"https:\/\/store.galerieramand.com\/en\/artworks\/artists\/aurelie-sicas\/ou-voulaient-ils-aller-aurelie-sicas\/\" \/>\n<meta property=\"og:site_name\" content=\"en.store.galerieramand\" \/>\n<meta property=\"article:modified_time\" content=\"2026-03-23T13:57:13+00:00\" \/>\n<meta property=\"og:image\" content=\"https:\/\/store.galerieramand.com\/en\/wp-content\/uploads\/sites\/2\/2024\/12\/Aurelie-Sicas_Ou-voulaient-ils-aller-2024_30x40cm.jpg\" \/>\n\t<meta property=\"og:image:width\" content=\"2000\" \/>\n\t<meta property=\"og:image:height\" content=\"1231\" \/>\n\t<meta property=\"og:image:type\" content=\"image\/jpeg\" \/>\n<meta name=\"twitter:card\" content=\"summary_large_image\" \/>\n<meta name=\"twitter:label1\" content=\"Estimated reading time\" \/>\n\t<meta name=\"twitter:data1\" content=\"2 minutes\" \/>\n<script type=\"application\/ld+json\" class=\"yoast-schema-graph\">{\"@context\":\"https:\/\/schema.org\",\"@graph\":[{\"@type\":\"WebPage\",\"@id\":\"https:\/\/store.galerieramand.com\/en\/artworks\/artists\/aurelie-sicas\/ou-voulaient-ils-aller-aurelie-sicas\/\",\"url\":\"https:\/\/store.galerieramand.com\/en\/artworks\/artists\/aurelie-sicas\/ou-voulaient-ils-aller-aurelie-sicas\/\",\"name\":\"O\u00f9 voulaient-ils aller Aur\u00e9lie Sicas\",\"isPartOf\":{\"@id\":\"https:\/\/store.galerieramand.com\/en\/#website\"},\"primaryImageOfPage\":{\"@id\":\"https:\/\/store.galerieramand.com\/en\/artworks\/artists\/aurelie-sicas\/ou-voulaient-ils-aller-aurelie-sicas\/#primaryimage\"},\"image\":{\"@id\":\"https:\/\/store.galerieramand.com\/en\/artworks\/artists\/aurelie-sicas\/ou-voulaient-ils-aller-aurelie-sicas\/#primaryimage\"},\"thumbnailUrl\":\"https:\/\/store.galerieramand.com\/en\/wp-content\/uploads\/sites\/2\/2024\/12\/Aurelie-Sicas_Ou-voulaient-ils-aller-2024_30x40cm.jpg\",\"datePublished\":\"2024-12-07T14:02:00+00:00\",\"dateModified\":\"2026-03-23T13:57:13+00:00\",\"description\":\"O\u00f9 voulaient-ils aller Aur\u00e9lie Sicas. Drawing, Charcoal on paper. Year : 2024. Size 30 x 40 cm, unique and original work.\",\"breadcrumb\":{\"@id\":\"https:\/\/store.galerieramand.com\/en\/artworks\/artists\/aurelie-sicas\/ou-voulaient-ils-aller-aurelie-sicas\/#breadcrumb\"},\"inLanguage\":\"en-GB\",\"potentialAction\":[{\"@type\":\"ReadAction\",\"target\":[\"https:\/\/store.galerieramand.com\/en\/artworks\/artists\/aurelie-sicas\/ou-voulaient-ils-aller-aurelie-sicas\/\"]}]},{\"@type\":\"ImageObject\",\"inLanguage\":\"en-GB\",\"@id\":\"https:\/\/store.galerieramand.com\/en\/artworks\/artists\/aurelie-sicas\/ou-voulaient-ils-aller-aurelie-sicas\/#primaryimage\",\"url\":\"https:\/\/store.galerieramand.com\/en\/wp-content\/uploads\/sites\/2\/2024\/12\/Aurelie-Sicas_Ou-voulaient-ils-aller-2024_30x40cm.jpg\",\"contentUrl\":\"https:\/\/store.galerieramand.com\/en\/wp-content\/uploads\/sites\/2\/2024\/12\/Aurelie-Sicas_Ou-voulaient-ils-aller-2024_30x40cm.jpg\",\"width\":2000,\"height\":1231,\"caption\":\"Aur\u00e9lie Sicas_O\u00f9 voulaient-ils aller 2024_30x40cm\"},{\"@type\":\"BreadcrumbList\",\"@id\":\"https:\/\/store.galerieramand.com\/en\/artworks\/artists\/aurelie-sicas\/ou-voulaient-ils-aller-aurelie-sicas\/#breadcrumb\",\"itemListElement\":[{\"@type\":\"ListItem\",\"position\":1,\"name\":\"Accueil\",\"item\":\"https:\/\/store.galerieramand.com\/en\/\"},{\"@type\":\"ListItem\",\"position\":2,\"name\":\"Artworks\",\"item\":\"https:\/\/store.galerieramand.com\/en\/artworks\/\"},{\"@type\":\"ListItem\",\"position\":3,\"name\":\"O\u00f9 voulaient-ils aller Aur\u00e9lie Sicas\"}]},{\"@type\":\"WebSite\",\"@id\":\"https:\/\/store.galerieramand.com\/en\/#website\",\"url\":\"https:\/\/store.galerieramand.com\/en\/\",\"name\":\"en.store.galerieramand\",\"description\":\"Online Store Galerie Ramand\",\"potentialAction\":[{\"@type\":\"SearchAction\",\"target\":{\"@type\":\"EntryPoint\",\"urlTemplate\":\"https:\/\/store.galerieramand.com\/en\/?s={search_term_string}\"},\"query-input\":{\"@type\":\"PropertyValueSpecification\",\"valueRequired\":true,\"valueName\":\"search_term_string\"}}],\"inLanguage\":\"en-GB\"}]}<\/script>\n<!-- \/ Yoast SEO plugin. -->","yoast_head_json":{"title":"O\u00f9 voulaient-ils aller Aur\u00e9lie Sicas","description":"O\u00f9 voulaient-ils aller Aur\u00e9lie Sicas. Drawing, Charcoal on paper. Year : 2024. Size 30 x 40 cm, unique and original work.","robots":{"index":"index","follow":"follow","max-snippet":"max-snippet:-1","max-image-preview":"max-image-preview:large","max-video-preview":"max-video-preview:-1"},"canonical":"https:\/\/store.galerieramand.com\/en\/artworks\/artists\/aurelie-sicas\/ou-voulaient-ils-aller-aurelie-sicas\/","og_locale":"en_GB","og_type":"article","og_title":"O\u00f9 voulaient-ils aller Aur\u00e9lie Sicas","og_description":"O\u00f9 voulaient-ils aller Aur\u00e9lie Sicas. Drawing, Charcoal on paper. Year : 2024. Size 30 x 40 cm, unique and original work.","og_url":"https:\/\/store.galerieramand.com\/en\/artworks\/artists\/aurelie-sicas\/ou-voulaient-ils-aller-aurelie-sicas\/","og_site_name":"en.store.galerieramand","article_modified_time":"2026-03-23T13:57:13+00:00","og_image":[{"width":2000,"height":1231,"url":"https:\/\/store.galerieramand.com\/en\/wp-content\/uploads\/sites\/2\/2024\/12\/Aurelie-Sicas_Ou-voulaient-ils-aller-2024_30x40cm.jpg","type":"image\/jpeg"}],"twitter_card":"summary_large_image","twitter_misc":{"Estimated reading time":"2 minutes"},"schema":{"@context":"https:\/\/schema.org","@graph":[{"@type":"WebPage","@id":"https:\/\/store.galerieramand.com\/en\/artworks\/artists\/aurelie-sicas\/ou-voulaient-ils-aller-aurelie-sicas\/","url":"https:\/\/store.galerieramand.com\/en\/artworks\/artists\/aurelie-sicas\/ou-voulaient-ils-aller-aurelie-sicas\/","name":"O\u00f9 voulaient-ils aller Aur\u00e9lie Sicas","isPartOf":{"@id":"https:\/\/store.galerieramand.com\/en\/#website"},"primaryImageOfPage":{"@id":"https:\/\/store.galerieramand.com\/en\/artworks\/artists\/aurelie-sicas\/ou-voulaient-ils-aller-aurelie-sicas\/#primaryimage"},"image":{"@id":"https:\/\/store.galerieramand.com\/en\/artworks\/artists\/aurelie-sicas\/ou-voulaient-ils-aller-aurelie-sicas\/#primaryimage"},"thumbnailUrl":"https:\/\/store.galerieramand.com\/en\/wp-content\/uploads\/sites\/2\/2024\/12\/Aurelie-Sicas_Ou-voulaient-ils-aller-2024_30x40cm.jpg","datePublished":"2024-12-07T14:02:00+00:00","dateModified":"2026-03-23T13:57:13+00:00","description":"O\u00f9 voulaient-ils aller Aur\u00e9lie Sicas. Drawing, Charcoal on paper. Year : 2024. Size 30 x 40 cm, unique and original work.","breadcrumb":{"@id":"https:\/\/store.galerieramand.com\/en\/artworks\/artists\/aurelie-sicas\/ou-voulaient-ils-aller-aurelie-sicas\/#breadcrumb"},"inLanguage":"en-GB","potentialAction":[{"@type":"ReadAction","target":["https:\/\/store.galerieramand.com\/en\/artworks\/artists\/aurelie-sicas\/ou-voulaient-ils-aller-aurelie-sicas\/"]}]},{"@type":"ImageObject","inLanguage":"en-GB","@id":"https:\/\/store.galerieramand.com\/en\/artworks\/artists\/aurelie-sicas\/ou-voulaient-ils-aller-aurelie-sicas\/#primaryimage","url":"https:\/\/store.galerieramand.com\/en\/wp-content\/uploads\/sites\/2\/2024\/12\/Aurelie-Sicas_Ou-voulaient-ils-aller-2024_30x40cm.jpg","contentUrl":"https:\/\/store.galerieramand.com\/en\/wp-content\/uploads\/sites\/2\/2024\/12\/Aurelie-Sicas_Ou-voulaient-ils-aller-2024_30x40cm.jpg","width":2000,"height":1231,"caption":"Aur\u00e9lie Sicas_O\u00f9 voulaient-ils aller 2024_30x40cm"},{"@type":"BreadcrumbList","@id":"https:\/\/store.galerieramand.com\/en\/artworks\/artists\/aurelie-sicas\/ou-voulaient-ils-aller-aurelie-sicas\/#breadcrumb","itemListElement":[{"@type":"ListItem","position":1,"name":"Accueil","item":"https:\/\/store.galerieramand.com\/en\/"},{"@type":"ListItem","position":2,"name":"Artworks","item":"https:\/\/store.galerieramand.com\/en\/artworks\/"},{"@type":"ListItem","position":3,"name":"O\u00f9 voulaient-ils aller Aur\u00e9lie Sicas"}]},{"@type":"WebSite","@id":"https:\/\/store.galerieramand.com\/en\/#website","url":"https:\/\/store.galerieramand.com\/en\/","name":"en.store.galerieramand","description":"Online Store Galerie Ramand","potentialAction":[{"@type":"SearchAction","target":{"@type":"EntryPoint","urlTemplate":"https:\/\/store.galerieramand.com\/en\/?s={search_term_string}"},"query-input":{"@type":"PropertyValueSpecification","valueRequired":true,"valueName":"search_term_string"}}],"inLanguage":"en-GB"}]}},"_links":{"self":[{"href":"https:\/\/store.galerieramand.com\/en\/wp-json\/wp\/v2\/product\/1642744","targetHints":{"allow":["GET"]}}],"collection":[{"href":"https:\/\/store.galerieramand.com\/en\/wp-json\/wp\/v2\/product"}],"about":[{"href":"https:\/\/store.galerieramand.com\/en\/wp-json\/wp\/v2\/types\/product"}],"wp:featuredmedia":[{"embeddable":true,"href":"https:\/\/store.galerieramand.com\/en\/wp-json\/wp\/v2\/media\/1642745"}],"wp:attachment":[{"href":"https:\/\/store.galerieramand.com\/en\/wp-json\/wp\/v2\/media?parent=1642744"}],"wp:term":[{"taxonomy":"product_brand","embeddable":true,"href":"https:\/\/store.galerieramand.com\/en\/wp-json\/wp\/v2\/product_brand?post=1642744"},{"taxonomy":"product_cat","embeddable":true,"href":"https:\/\/store.galerieramand.com\/en\/wp-json\/wp\/v2\/product_cat?post=1642744"},{"taxonomy":"product_tag","embeddable":true,"href":"https:\/\/store.galerieramand.com\/en\/wp-json\/wp\/v2\/product_tag?post=1642744"}],"curies":[{"name":"wp","href":"https:\/\/api.w.org\/{rel}","templated":true}]}}