{"id":1642732,"date":"2024-11-29T16:37:45","date_gmt":"2024-11-29T16:37:45","guid":{"rendered":"https:\/\/store.galerieramand.com\/en\/?post_type=product&#038;p=1642732"},"modified":"2024-11-29T16:41:18","modified_gmt":"2024-11-29T16:41:18","slug":"ricqles-pour-une-sorciere-jade-boissin","status":"publish","type":"product","link":"https:\/\/store.galerieramand.com\/en\/artworks\/artists\/jade-boissin\/ricqles-pour-une-sorciere-jade-boissin\/","title":{"rendered":"Ricql\u00e8s pour une sorci\u00e8re Jade Boissin"},"content":{"rendered":"<p>Ricql\u00e8s pour une sorci\u00e8re Jade Boissin<\/p>\n<p>Born in 1992, <a href=\"https:\/\/www.galerieramand.com\/artists\/jade-boissin-2\/\"><em><strong>Jade Boissin<\/strong><\/em><\/a> lives and works near Nantes (France).<\/p>\n<p>Jade Boissin is a french artist, graduate from the \u00c9cole des Beaux-arts de Nantes. She obtained her DNSEP there in 2016 with honors for the master&#8217;s degree. She continued her education by obtaining a Master&#8217;s degree in \u201cExpertise des professions et institutions culturelles\u201d at the University of Nantes in 2018.<\/p>\n<p><strong>Artistic approach<\/strong><\/p>\n<p>The world is a baroque farce&#8230;<br \/>\nFor several years, I have been nourished by paintings from periods between the Renaissance and the end of the 19th century, from Western Europe, mainly depicting women. These canvases were painted by men, minus the right to humor. Working with images that have been enhanced by the filter of history allows me to talk about the desire for legitimacy and recognition that we believe we possess when we gain power.<br \/>\nHumor and misappropriation, such as the electric socket suggested on the wall behind Circ\u00e9ronde, allow me to thwart the seriousness of these representations, revealing the pantomime of my characters. Like Carlo Crivelli, who painted a zucchini in the foreground of his Saints, the incongruity of the detail reveals the pantomime of power within their representations, in which they all believe they are at their best for posterity&#8230;[&#8230;].<br \/>\nRicql\u00e8s pour une sorci\u00e8re Jade Boissin<\/p>\n<p><a href=\"https:\/\/store.galerieramand.com\/en\/category\/artists\/jade-boissin\/\"><strong>Find more Artwork by the Artist : HERE<\/strong><\/a><\/p>\n","protected":false},"excerpt":{"rendered":"<p>Oil Painting on Wood panel<br \/>\nYear : 2024<br \/>\nSize 15 x 20 x 2.8 cm<br \/>\nunique work, signed verso.<\/p>\n<p>&nbsp;<\/p>\n","protected":false},"featured_media":1642733,"template":"","meta":{"_monsterinsights_skip_tracking":false,"_monsterinsights_sitenote_active":false,"_monsterinsights_sitenote_note":"","_monsterinsights_sitenote_category":0},"product_brand":[],"product_cat":[73,107],"product_tag":[],"class_list":{"0":"post-1642732","1":"product","2":"type-product","3":"status-publish","4":"has-post-thumbnail","6":"product_cat-painting","7":"product_cat-jade-boissin","9":"first","10":"instock","11":"shipping-taxable","12":"purchasable","13":"product-type-simple"},"yoast_head":"<!-- This site is optimized with the Yoast SEO plugin v27.2 - https:\/\/yoast.com\/product\/yoast-seo-wordpress\/ -->\n<title>Ricql\u00e8s pour une sorci\u00e8re Jade Boissin<\/title>\n<meta name=\"description\" content=\"Ricql\u00e8s pour une sorci\u00e8re Jade Boissin. Oil Painting on wood panel. Year : 2024. Size 15 x 20 x2.8 cm, unique and original work.\" \/>\n<meta name=\"robots\" content=\"index, follow, max-snippet:-1, max-image-preview:large, max-video-preview:-1\" \/>\n<link rel=\"canonical\" href=\"https:\/\/store.galerieramand.com\/en\/artworks\/artists\/jade-boissin\/ricqles-pour-une-sorciere-jade-boissin\/\" \/>\n<meta property=\"og:locale\" content=\"en_GB\" \/>\n<meta property=\"og:type\" content=\"article\" \/>\n<meta property=\"og:title\" content=\"Ricql\u00e8s pour une sorci\u00e8re Jade Boissin\" \/>\n<meta property=\"og:description\" content=\"Ricql\u00e8s pour une sorci\u00e8re Jade Boissin. Oil Painting on wood panel. Year : 2024. Size 15 x 20 x2.8 cm, unique and original work.\" \/>\n<meta property=\"og:url\" content=\"https:\/\/store.galerieramand.com\/en\/artworks\/artists\/jade-boissin\/ricqles-pour-une-sorciere-jade-boissin\/\" \/>\n<meta property=\"og:site_name\" content=\"en.store.galerieramand\" \/>\n<meta property=\"article:modified_time\" content=\"2024-11-29T16:41:18+00:00\" \/>\n<meta property=\"og:image\" content=\"https:\/\/store.galerieramand.com\/en\/wp-content\/uploads\/sites\/2\/2024\/11\/Jade-Boissin_Ricqles-pour-une-sorciere_15x20cm_2024.jpg\" \/>\n\t<meta property=\"og:image:width\" content=\"1920\" \/>\n\t<meta property=\"og:image:height\" content=\"2560\" \/>\n\t<meta property=\"og:image:type\" content=\"image\/jpeg\" \/>\n<meta name=\"twitter:card\" content=\"summary_large_image\" \/>\n<meta name=\"twitter:label1\" content=\"Estimated reading time\" \/>\n\t<meta name=\"twitter:data1\" content=\"2 minutes\" \/>\n<script type=\"application\/ld+json\" class=\"yoast-schema-graph\">{\"@context\":\"https:\/\/schema.org\",\"@graph\":[{\"@type\":\"WebPage\",\"@id\":\"https:\/\/store.galerieramand.com\/en\/artworks\/artists\/jade-boissin\/ricqles-pour-une-sorciere-jade-boissin\/\",\"url\":\"https:\/\/store.galerieramand.com\/en\/artworks\/artists\/jade-boissin\/ricqles-pour-une-sorciere-jade-boissin\/\",\"name\":\"Ricql\u00e8s pour une sorci\u00e8re Jade Boissin\",\"isPartOf\":{\"@id\":\"https:\/\/store.galerieramand.com\/en\/#website\"},\"primaryImageOfPage\":{\"@id\":\"https:\/\/store.galerieramand.com\/en\/artworks\/artists\/jade-boissin\/ricqles-pour-une-sorciere-jade-boissin\/#primaryimage\"},\"image\":{\"@id\":\"https:\/\/store.galerieramand.com\/en\/artworks\/artists\/jade-boissin\/ricqles-pour-une-sorciere-jade-boissin\/#primaryimage\"},\"thumbnailUrl\":\"https:\/\/store.galerieramand.com\/en\/wp-content\/uploads\/sites\/2\/2024\/11\/Jade-Boissin_Ricqles-pour-une-sorciere_15x20cm_2024.jpg\",\"datePublished\":\"2024-11-29T16:37:45+00:00\",\"dateModified\":\"2024-11-29T16:41:18+00:00\",\"description\":\"Ricql\u00e8s pour une sorci\u00e8re Jade Boissin. Oil Painting on wood panel. Year : 2024. Size 15 x 20 x2.8 cm, unique and original work.\",\"breadcrumb\":{\"@id\":\"https:\/\/store.galerieramand.com\/en\/artworks\/artists\/jade-boissin\/ricqles-pour-une-sorciere-jade-boissin\/#breadcrumb\"},\"inLanguage\":\"en-GB\",\"potentialAction\":[{\"@type\":\"ReadAction\",\"target\":[\"https:\/\/store.galerieramand.com\/en\/artworks\/artists\/jade-boissin\/ricqles-pour-une-sorciere-jade-boissin\/\"]}]},{\"@type\":\"ImageObject\",\"inLanguage\":\"en-GB\",\"@id\":\"https:\/\/store.galerieramand.com\/en\/artworks\/artists\/jade-boissin\/ricqles-pour-une-sorciere-jade-boissin\/#primaryimage\",\"url\":\"https:\/\/store.galerieramand.com\/en\/wp-content\/uploads\/sites\/2\/2024\/11\/Jade-Boissin_Ricqles-pour-une-sorciere_15x20cm_2024.jpg\",\"contentUrl\":\"https:\/\/store.galerieramand.com\/en\/wp-content\/uploads\/sites\/2\/2024\/11\/Jade-Boissin_Ricqles-pour-une-sorciere_15x20cm_2024.jpg\",\"width\":1920,\"height\":2560,\"caption\":\"Jade Boissin_Ricql\u00e8s pour une sorci\u00e8re_15x20cm_2024\"},{\"@type\":\"BreadcrumbList\",\"@id\":\"https:\/\/store.galerieramand.com\/en\/artworks\/artists\/jade-boissin\/ricqles-pour-une-sorciere-jade-boissin\/#breadcrumb\",\"itemListElement\":[{\"@type\":\"ListItem\",\"position\":1,\"name\":\"Accueil\",\"item\":\"https:\/\/store.galerieramand.com\/en\/\"},{\"@type\":\"ListItem\",\"position\":2,\"name\":\"Artworks\",\"item\":\"https:\/\/store.galerieramand.com\/en\/artworks\/\"},{\"@type\":\"ListItem\",\"position\":3,\"name\":\"Ricql\u00e8s pour une sorci\u00e8re Jade Boissin\"}]},{\"@type\":\"WebSite\",\"@id\":\"https:\/\/store.galerieramand.com\/en\/#website\",\"url\":\"https:\/\/store.galerieramand.com\/en\/\",\"name\":\"en.store.galerieramand\",\"description\":\"Online Store Galerie Ramand\",\"potentialAction\":[{\"@type\":\"SearchAction\",\"target\":{\"@type\":\"EntryPoint\",\"urlTemplate\":\"https:\/\/store.galerieramand.com\/en\/?s={search_term_string}\"},\"query-input\":{\"@type\":\"PropertyValueSpecification\",\"valueRequired\":true,\"valueName\":\"search_term_string\"}}],\"inLanguage\":\"en-GB\"}]}<\/script>\n<!-- \/ Yoast SEO plugin. -->","yoast_head_json":{"title":"Ricql\u00e8s pour une sorci\u00e8re Jade Boissin","description":"Ricql\u00e8s pour une sorci\u00e8re Jade Boissin. Oil Painting on wood panel. Year : 2024. Size 15 x 20 x2.8 cm, unique and original work.","robots":{"index":"index","follow":"follow","max-snippet":"max-snippet:-1","max-image-preview":"max-image-preview:large","max-video-preview":"max-video-preview:-1"},"canonical":"https:\/\/store.galerieramand.com\/en\/artworks\/artists\/jade-boissin\/ricqles-pour-une-sorciere-jade-boissin\/","og_locale":"en_GB","og_type":"article","og_title":"Ricql\u00e8s pour une sorci\u00e8re Jade Boissin","og_description":"Ricql\u00e8s pour une sorci\u00e8re Jade Boissin. Oil Painting on wood panel. Year : 2024. Size 15 x 20 x2.8 cm, unique and original work.","og_url":"https:\/\/store.galerieramand.com\/en\/artworks\/artists\/jade-boissin\/ricqles-pour-une-sorciere-jade-boissin\/","og_site_name":"en.store.galerieramand","article_modified_time":"2024-11-29T16:41:18+00:00","og_image":[{"width":1920,"height":2560,"url":"https:\/\/store.galerieramand.com\/en\/wp-content\/uploads\/sites\/2\/2024\/11\/Jade-Boissin_Ricqles-pour-une-sorciere_15x20cm_2024.jpg","type":"image\/jpeg"}],"twitter_card":"summary_large_image","twitter_misc":{"Estimated reading time":"2 minutes"},"schema":{"@context":"https:\/\/schema.org","@graph":[{"@type":"WebPage","@id":"https:\/\/store.galerieramand.com\/en\/artworks\/artists\/jade-boissin\/ricqles-pour-une-sorciere-jade-boissin\/","url":"https:\/\/store.galerieramand.com\/en\/artworks\/artists\/jade-boissin\/ricqles-pour-une-sorciere-jade-boissin\/","name":"Ricql\u00e8s pour une sorci\u00e8re Jade Boissin","isPartOf":{"@id":"https:\/\/store.galerieramand.com\/en\/#website"},"primaryImageOfPage":{"@id":"https:\/\/store.galerieramand.com\/en\/artworks\/artists\/jade-boissin\/ricqles-pour-une-sorciere-jade-boissin\/#primaryimage"},"image":{"@id":"https:\/\/store.galerieramand.com\/en\/artworks\/artists\/jade-boissin\/ricqles-pour-une-sorciere-jade-boissin\/#primaryimage"},"thumbnailUrl":"https:\/\/store.galerieramand.com\/en\/wp-content\/uploads\/sites\/2\/2024\/11\/Jade-Boissin_Ricqles-pour-une-sorciere_15x20cm_2024.jpg","datePublished":"2024-11-29T16:37:45+00:00","dateModified":"2024-11-29T16:41:18+00:00","description":"Ricql\u00e8s pour une sorci\u00e8re Jade Boissin. Oil Painting on wood panel. Year : 2024. Size 15 x 20 x2.8 cm, unique and original work.","breadcrumb":{"@id":"https:\/\/store.galerieramand.com\/en\/artworks\/artists\/jade-boissin\/ricqles-pour-une-sorciere-jade-boissin\/#breadcrumb"},"inLanguage":"en-GB","potentialAction":[{"@type":"ReadAction","target":["https:\/\/store.galerieramand.com\/en\/artworks\/artists\/jade-boissin\/ricqles-pour-une-sorciere-jade-boissin\/"]}]},{"@type":"ImageObject","inLanguage":"en-GB","@id":"https:\/\/store.galerieramand.com\/en\/artworks\/artists\/jade-boissin\/ricqles-pour-une-sorciere-jade-boissin\/#primaryimage","url":"https:\/\/store.galerieramand.com\/en\/wp-content\/uploads\/sites\/2\/2024\/11\/Jade-Boissin_Ricqles-pour-une-sorciere_15x20cm_2024.jpg","contentUrl":"https:\/\/store.galerieramand.com\/en\/wp-content\/uploads\/sites\/2\/2024\/11\/Jade-Boissin_Ricqles-pour-une-sorciere_15x20cm_2024.jpg","width":1920,"height":2560,"caption":"Jade Boissin_Ricql\u00e8s pour une sorci\u00e8re_15x20cm_2024"},{"@type":"BreadcrumbList","@id":"https:\/\/store.galerieramand.com\/en\/artworks\/artists\/jade-boissin\/ricqles-pour-une-sorciere-jade-boissin\/#breadcrumb","itemListElement":[{"@type":"ListItem","position":1,"name":"Accueil","item":"https:\/\/store.galerieramand.com\/en\/"},{"@type":"ListItem","position":2,"name":"Artworks","item":"https:\/\/store.galerieramand.com\/en\/artworks\/"},{"@type":"ListItem","position":3,"name":"Ricql\u00e8s pour une sorci\u00e8re Jade Boissin"}]},{"@type":"WebSite","@id":"https:\/\/store.galerieramand.com\/en\/#website","url":"https:\/\/store.galerieramand.com\/en\/","name":"en.store.galerieramand","description":"Online Store Galerie Ramand","potentialAction":[{"@type":"SearchAction","target":{"@type":"EntryPoint","urlTemplate":"https:\/\/store.galerieramand.com\/en\/?s={search_term_string}"},"query-input":{"@type":"PropertyValueSpecification","valueRequired":true,"valueName":"search_term_string"}}],"inLanguage":"en-GB"}]}},"_links":{"self":[{"href":"https:\/\/store.galerieramand.com\/en\/wp-json\/wp\/v2\/product\/1642732","targetHints":{"allow":["GET"]}}],"collection":[{"href":"https:\/\/store.galerieramand.com\/en\/wp-json\/wp\/v2\/product"}],"about":[{"href":"https:\/\/store.galerieramand.com\/en\/wp-json\/wp\/v2\/types\/product"}],"wp:featuredmedia":[{"embeddable":true,"href":"https:\/\/store.galerieramand.com\/en\/wp-json\/wp\/v2\/media\/1642733"}],"wp:attachment":[{"href":"https:\/\/store.galerieramand.com\/en\/wp-json\/wp\/v2\/media?parent=1642732"}],"wp:term":[{"taxonomy":"product_brand","embeddable":true,"href":"https:\/\/store.galerieramand.com\/en\/wp-json\/wp\/v2\/product_brand?post=1642732"},{"taxonomy":"product_cat","embeddable":true,"href":"https:\/\/store.galerieramand.com\/en\/wp-json\/wp\/v2\/product_cat?post=1642732"},{"taxonomy":"product_tag","embeddable":true,"href":"https:\/\/store.galerieramand.com\/en\/wp-json\/wp\/v2\/product_tag?post=1642732"}],"curies":[{"name":"wp","href":"https:\/\/api.w.org\/{rel}","templated":true}]}}