{"id":1642484,"date":"2023-07-29T10:02:39","date_gmt":"2023-07-29T09:02:39","guid":{"rendered":"https:\/\/store.galerieramand.com\/en\/?post_type=product&#038;p=1642484"},"modified":"2024-09-05T13:51:49","modified_gmt":"2024-09-05T12:51:49","slug":"un-escalier-a-arles-gabriel-riesnert","status":"publish","type":"product","link":"https:\/\/store.galerieramand.com\/en\/artworks\/artists\/gabriel-riesnert\/un-escalier-a-arles-gabriel-riesnert\/","title":{"rendered":"Un escalier \u00e0 Arles &#8211; Gabriel Riesnert"},"content":{"rendered":"<p>Un escalier \u00e0 Arles &#8211; Gabriel Riesnert<\/p>\n<p>Born in 1970, <b>Gabriel Riesnert <\/b>lives and works in Paris and south of France.<\/p>\n<p>Since his early age Gabriel Riesnert has been fascinated by the beauty of plant forms and urban architectural lines. His passion pushes him to a practice of painting and drawing between photographic inspiration and urban realism. The artist&#8217;s consideration of painting is essentially turned to a representation of what we see and perceive of these forms, whether they provide a fiction or an impression of beauty, of serenity.<\/p>\n<p>Beyond the visual, the creation of a work for Gabriel Riesnert is an interpretive experience and a journey intimately linked to space and time. His paintings often represent spaces and forms that are inspired by the tradition of the natural and architectural landscape.<\/p>\n<p><em>Un escalier \u00e0 Arles &#8211; Gabriel Riesnert<\/em><\/p>\n<p><a href=\"https:\/\/store.galerieramand.com\/en\/artworks\/\"><strong>Find more Artwork by other artists : HERE<\/strong><\/a><\/p>\n","protected":false},"excerpt":{"rendered":"<p>Drawing, Pastel and coloured Pencils on Hahnem\u00fchle paper 300g<br \/>\nYear : 2023<br \/>\n26 x 20 cm paper size<br \/>\nunique work, signed verso with certificate from the artist<\/p>\n<a href=\"https:\/\/store.galerieramand.com\/en\/faq-buyers\/contact-us\/\" class=\"button primary is-primary is-medium\" >\n\t\t<span>Contact Gallery<\/span>\n\t<\/a>\n\n","protected":false},"featured_media":1642486,"template":"","meta":{"_monsterinsights_skip_tracking":false,"_monsterinsights_sitenote_active":false,"_monsterinsights_sitenote_note":"","_monsterinsights_sitenote_category":0},"product_brand":[],"product_cat":[74,100],"product_tag":[],"class_list":{"0":"post-1642484","1":"product","2":"type-product","3":"status-publish","4":"has-post-thumbnail","6":"product_cat-drawing","7":"product_cat-gabriel-riesnert","9":"first","10":"instock","11":"sold-individually","12":"shipping-taxable","13":"product-type-simple"},"yoast_head":"<!-- This site is optimized with the Yoast SEO plugin v27.2 - https:\/\/yoast.com\/product\/yoast-seo-wordpress\/ -->\n<title>Un escalier \u00e0 Arles - Gabriel Riesnert - en.store.galerieramand by Galerie Ramand<\/title>\n<meta name=\"description\" content=\"Un escalier \u00e0 Arles - Gabriel Riesnert - Drawing, Pastel and Color pencils on Hahnem\u00fchle paper 300g, Year : 2023. Size 26 x 20 cm, unique work.\" \/>\n<meta name=\"robots\" content=\"index, follow, max-snippet:-1, max-image-preview:large, max-video-preview:-1\" \/>\n<link rel=\"canonical\" href=\"https:\/\/store.galerieramand.com\/en\/artworks\/artists\/gabriel-riesnert\/un-escalier-a-arles-gabriel-riesnert\/\" \/>\n<meta property=\"og:locale\" content=\"en_GB\" \/>\n<meta property=\"og:type\" content=\"article\" \/>\n<meta property=\"og:title\" content=\"Un escalier \u00e0 Arles - Gabriel Riesnert - en.store.galerieramand by Galerie Ramand\" \/>\n<meta property=\"og:description\" content=\"Un escalier \u00e0 Arles - Gabriel Riesnert - Drawing, Pastel and Color pencils on Hahnem\u00fchle paper 300g, Year : 2023. Size 26 x 20 cm, unique work.\" \/>\n<meta property=\"og:url\" content=\"https:\/\/store.galerieramand.com\/en\/artworks\/artists\/gabriel-riesnert\/un-escalier-a-arles-gabriel-riesnert\/\" \/>\n<meta property=\"og:site_name\" content=\"en.store.galerieramand\" \/>\n<meta property=\"article:modified_time\" content=\"2024-09-05T12:51:49+00:00\" \/>\n<meta property=\"og:image\" content=\"https:\/\/store.galerieramand.com\/en\/wp-content\/uploads\/sites\/2\/2023\/07\/Un-escalier-a-Arles-Gabriel-Riesnert_2.jpg\" \/>\n\t<meta property=\"og:image:width\" content=\"1600\" \/>\n\t<meta property=\"og:image:height\" content=\"2133\" \/>\n\t<meta property=\"og:image:type\" content=\"image\/jpeg\" \/>\n<meta name=\"twitter:card\" content=\"summary_large_image\" \/>\n<meta name=\"twitter:label1\" content=\"Estimated reading time\" \/>\n\t<meta name=\"twitter:data1\" content=\"1 minute\" \/>\n<script type=\"application\/ld+json\" class=\"yoast-schema-graph\">{\"@context\":\"https:\/\/schema.org\",\"@graph\":[{\"@type\":\"WebPage\",\"@id\":\"https:\/\/store.galerieramand.com\/en\/artworks\/artists\/gabriel-riesnert\/un-escalier-a-arles-gabriel-riesnert\/\",\"url\":\"https:\/\/store.galerieramand.com\/en\/artworks\/artists\/gabriel-riesnert\/un-escalier-a-arles-gabriel-riesnert\/\",\"name\":\"Un escalier \u00e0 Arles - Gabriel Riesnert - en.store.galerieramand by Galerie Ramand\",\"isPartOf\":{\"@id\":\"https:\/\/store.galerieramand.com\/en\/#website\"},\"primaryImageOfPage\":{\"@id\":\"https:\/\/store.galerieramand.com\/en\/artworks\/artists\/gabriel-riesnert\/un-escalier-a-arles-gabriel-riesnert\/#primaryimage\"},\"image\":{\"@id\":\"https:\/\/store.galerieramand.com\/en\/artworks\/artists\/gabriel-riesnert\/un-escalier-a-arles-gabriel-riesnert\/#primaryimage\"},\"thumbnailUrl\":\"https:\/\/store.galerieramand.com\/en\/wp-content\/uploads\/sites\/2\/2023\/07\/Un-escalier-a-Arles-Gabriel-Riesnert_2.jpg\",\"datePublished\":\"2023-07-29T09:02:39+00:00\",\"dateModified\":\"2024-09-05T12:51:49+00:00\",\"description\":\"Un escalier \u00e0 Arles - Gabriel Riesnert - Drawing, Pastel and Color pencils on Hahnem\u00fchle paper 300g, Year : 2023. Size 26 x 20 cm, unique work.\",\"breadcrumb\":{\"@id\":\"https:\/\/store.galerieramand.com\/en\/artworks\/artists\/gabriel-riesnert\/un-escalier-a-arles-gabriel-riesnert\/#breadcrumb\"},\"inLanguage\":\"en-GB\",\"potentialAction\":[{\"@type\":\"ReadAction\",\"target\":[\"https:\/\/store.galerieramand.com\/en\/artworks\/artists\/gabriel-riesnert\/un-escalier-a-arles-gabriel-riesnert\/\"]}]},{\"@type\":\"ImageObject\",\"inLanguage\":\"en-GB\",\"@id\":\"https:\/\/store.galerieramand.com\/en\/artworks\/artists\/gabriel-riesnert\/un-escalier-a-arles-gabriel-riesnert\/#primaryimage\",\"url\":\"https:\/\/store.galerieramand.com\/en\/wp-content\/uploads\/sites\/2\/2023\/07\/Un-escalier-a-Arles-Gabriel-Riesnert_2.jpg\",\"contentUrl\":\"https:\/\/store.galerieramand.com\/en\/wp-content\/uploads\/sites\/2\/2023\/07\/Un-escalier-a-Arles-Gabriel-Riesnert_2.jpg\",\"width\":1600,\"height\":2133,\"caption\":\"Un escalier \u00e0 Arles Gabriel Riesnert_2\"},{\"@type\":\"BreadcrumbList\",\"@id\":\"https:\/\/store.galerieramand.com\/en\/artworks\/artists\/gabriel-riesnert\/un-escalier-a-arles-gabriel-riesnert\/#breadcrumb\",\"itemListElement\":[{\"@type\":\"ListItem\",\"position\":1,\"name\":\"Accueil\",\"item\":\"https:\/\/store.galerieramand.com\/en\/\"},{\"@type\":\"ListItem\",\"position\":2,\"name\":\"Artworks\",\"item\":\"https:\/\/store.galerieramand.com\/en\/artworks\/\"},{\"@type\":\"ListItem\",\"position\":3,\"name\":\"Un escalier \u00e0 Arles &#8211; Gabriel Riesnert\"}]},{\"@type\":\"WebSite\",\"@id\":\"https:\/\/store.galerieramand.com\/en\/#website\",\"url\":\"https:\/\/store.galerieramand.com\/en\/\",\"name\":\"en.store.galerieramand\",\"description\":\"Online Store Galerie Ramand\",\"potentialAction\":[{\"@type\":\"SearchAction\",\"target\":{\"@type\":\"EntryPoint\",\"urlTemplate\":\"https:\/\/store.galerieramand.com\/en\/?s={search_term_string}\"},\"query-input\":{\"@type\":\"PropertyValueSpecification\",\"valueRequired\":true,\"valueName\":\"search_term_string\"}}],\"inLanguage\":\"en-GB\"}]}<\/script>\n<!-- \/ Yoast SEO plugin. -->","yoast_head_json":{"title":"Un escalier \u00e0 Arles - Gabriel Riesnert - en.store.galerieramand by Galerie Ramand","description":"Un escalier \u00e0 Arles - Gabriel Riesnert - Drawing, Pastel and Color pencils on Hahnem\u00fchle paper 300g, Year : 2023. Size 26 x 20 cm, unique work.","robots":{"index":"index","follow":"follow","max-snippet":"max-snippet:-1","max-image-preview":"max-image-preview:large","max-video-preview":"max-video-preview:-1"},"canonical":"https:\/\/store.galerieramand.com\/en\/artworks\/artists\/gabriel-riesnert\/un-escalier-a-arles-gabriel-riesnert\/","og_locale":"en_GB","og_type":"article","og_title":"Un escalier \u00e0 Arles - Gabriel Riesnert - en.store.galerieramand by Galerie Ramand","og_description":"Un escalier \u00e0 Arles - Gabriel Riesnert - Drawing, Pastel and Color pencils on Hahnem\u00fchle paper 300g, Year : 2023. Size 26 x 20 cm, unique work.","og_url":"https:\/\/store.galerieramand.com\/en\/artworks\/artists\/gabriel-riesnert\/un-escalier-a-arles-gabriel-riesnert\/","og_site_name":"en.store.galerieramand","article_modified_time":"2024-09-05T12:51:49+00:00","og_image":[{"width":1600,"height":2133,"url":"https:\/\/store.galerieramand.com\/en\/wp-content\/uploads\/sites\/2\/2023\/07\/Un-escalier-a-Arles-Gabriel-Riesnert_2.jpg","type":"image\/jpeg"}],"twitter_card":"summary_large_image","twitter_misc":{"Estimated reading time":"1 minute"},"schema":{"@context":"https:\/\/schema.org","@graph":[{"@type":"WebPage","@id":"https:\/\/store.galerieramand.com\/en\/artworks\/artists\/gabriel-riesnert\/un-escalier-a-arles-gabriel-riesnert\/","url":"https:\/\/store.galerieramand.com\/en\/artworks\/artists\/gabriel-riesnert\/un-escalier-a-arles-gabriel-riesnert\/","name":"Un escalier \u00e0 Arles - Gabriel Riesnert - en.store.galerieramand by Galerie Ramand","isPartOf":{"@id":"https:\/\/store.galerieramand.com\/en\/#website"},"primaryImageOfPage":{"@id":"https:\/\/store.galerieramand.com\/en\/artworks\/artists\/gabriel-riesnert\/un-escalier-a-arles-gabriel-riesnert\/#primaryimage"},"image":{"@id":"https:\/\/store.galerieramand.com\/en\/artworks\/artists\/gabriel-riesnert\/un-escalier-a-arles-gabriel-riesnert\/#primaryimage"},"thumbnailUrl":"https:\/\/store.galerieramand.com\/en\/wp-content\/uploads\/sites\/2\/2023\/07\/Un-escalier-a-Arles-Gabriel-Riesnert_2.jpg","datePublished":"2023-07-29T09:02:39+00:00","dateModified":"2024-09-05T12:51:49+00:00","description":"Un escalier \u00e0 Arles - Gabriel Riesnert - Drawing, Pastel and Color pencils on Hahnem\u00fchle paper 300g, Year : 2023. Size 26 x 20 cm, unique work.","breadcrumb":{"@id":"https:\/\/store.galerieramand.com\/en\/artworks\/artists\/gabriel-riesnert\/un-escalier-a-arles-gabriel-riesnert\/#breadcrumb"},"inLanguage":"en-GB","potentialAction":[{"@type":"ReadAction","target":["https:\/\/store.galerieramand.com\/en\/artworks\/artists\/gabriel-riesnert\/un-escalier-a-arles-gabriel-riesnert\/"]}]},{"@type":"ImageObject","inLanguage":"en-GB","@id":"https:\/\/store.galerieramand.com\/en\/artworks\/artists\/gabriel-riesnert\/un-escalier-a-arles-gabriel-riesnert\/#primaryimage","url":"https:\/\/store.galerieramand.com\/en\/wp-content\/uploads\/sites\/2\/2023\/07\/Un-escalier-a-Arles-Gabriel-Riesnert_2.jpg","contentUrl":"https:\/\/store.galerieramand.com\/en\/wp-content\/uploads\/sites\/2\/2023\/07\/Un-escalier-a-Arles-Gabriel-Riesnert_2.jpg","width":1600,"height":2133,"caption":"Un escalier \u00e0 Arles Gabriel Riesnert_2"},{"@type":"BreadcrumbList","@id":"https:\/\/store.galerieramand.com\/en\/artworks\/artists\/gabriel-riesnert\/un-escalier-a-arles-gabriel-riesnert\/#breadcrumb","itemListElement":[{"@type":"ListItem","position":1,"name":"Accueil","item":"https:\/\/store.galerieramand.com\/en\/"},{"@type":"ListItem","position":2,"name":"Artworks","item":"https:\/\/store.galerieramand.com\/en\/artworks\/"},{"@type":"ListItem","position":3,"name":"Un escalier \u00e0 Arles &#8211; Gabriel Riesnert"}]},{"@type":"WebSite","@id":"https:\/\/store.galerieramand.com\/en\/#website","url":"https:\/\/store.galerieramand.com\/en\/","name":"en.store.galerieramand","description":"Online Store Galerie Ramand","potentialAction":[{"@type":"SearchAction","target":{"@type":"EntryPoint","urlTemplate":"https:\/\/store.galerieramand.com\/en\/?s={search_term_string}"},"query-input":{"@type":"PropertyValueSpecification","valueRequired":true,"valueName":"search_term_string"}}],"inLanguage":"en-GB"}]}},"_links":{"self":[{"href":"https:\/\/store.galerieramand.com\/en\/wp-json\/wp\/v2\/product\/1642484","targetHints":{"allow":["GET"]}}],"collection":[{"href":"https:\/\/store.galerieramand.com\/en\/wp-json\/wp\/v2\/product"}],"about":[{"href":"https:\/\/store.galerieramand.com\/en\/wp-json\/wp\/v2\/types\/product"}],"wp:featuredmedia":[{"embeddable":true,"href":"https:\/\/store.galerieramand.com\/en\/wp-json\/wp\/v2\/media\/1642486"}],"wp:attachment":[{"href":"https:\/\/store.galerieramand.com\/en\/wp-json\/wp\/v2\/media?parent=1642484"}],"wp:term":[{"taxonomy":"product_brand","embeddable":true,"href":"https:\/\/store.galerieramand.com\/en\/wp-json\/wp\/v2\/product_brand?post=1642484"},{"taxonomy":"product_cat","embeddable":true,"href":"https:\/\/store.galerieramand.com\/en\/wp-json\/wp\/v2\/product_cat?post=1642484"},{"taxonomy":"product_tag","embeddable":true,"href":"https:\/\/store.galerieramand.com\/en\/wp-json\/wp\/v2\/product_tag?post=1642484"}],"curies":[{"name":"wp","href":"https:\/\/api.w.org\/{rel}","templated":true}]}}