{"id":1642333,"date":"2022-07-31T14:03:14","date_gmt":"2022-07-31T13:03:14","guid":{"rendered":"https:\/\/store.galerieramand.com\/en\/?post_type=product&#038;p=1642333"},"modified":"2022-07-31T14:12:52","modified_gmt":"2022-07-31T13:12:52","slug":"piscine-vegetale-rose-marie-vandooren-copy","status":"publish","type":"product","link":"https:\/\/store.galerieramand.com\/en\/artworks\/artists\/marie-vandooren\/piscine-vegetale-rose-marie-vandooren-copy\/","title":{"rendered":"Piscine v\u00e9g\u00e9tale rose &#8211; Marie Vandooren"},"content":{"rendered":"<p>Piscine v\u00e9g\u00e9tale rose &#8211; Marie Vandooren<\/p>\n<p>Whether through photography, painting, silk screening or installations, Marie Vandooren questions urban space and the relationship we have with these daily constraints. In addition to her artistic research, she encountered these issues as a social worker with homeless people. Thus, she examined public space as a reflection of global urban planning intentions, often devoid of local particularism.<\/p>\n<p>She feels some attraction for this material, but at the same time, a refusal for it function. So, she makes urban space looses its primary function by taking bits of architecture out of their context to turn them into autonomous objects. The artist becomes a portraitist of these insignificant details, relieved from their original weight, or an architect of an intimate world as are all children, future nostalgic adults.<\/p>\n<p>Playing with scales and proportions, she creates a particular space that hosts inexpressive characters. They are reflections of the boredom of our modern uniform societies. From there, she tackles the worries of functioning as well as the contradiction that occupy our cities, hosts of absurd societies in which humans have difficulty to conform themselves to a role and a place that have been reserved for them.<\/p>\n<p><em>Piscine v\u00e9g\u00e9tale rose &#8211; Marie Vandooren | Text by <a href=\"https:\/\/www.galerieramand.com\/\">Blandine Boucheix<\/a><\/em><\/p>\n<p><em>\u00a0<\/em>Find more works by the artist &gt; <a href=\"https:\/\/store.galerieramand.com\/en\/product-category\/artists\/marie-vandooren\/\"><strong>HERE<\/strong><\/a><\/p>\n","protected":false},"excerpt":{"rendered":"<p>Silkscreen on Fine Art Paper<br \/>\nYear of production: 2021<br \/>\n70 x 50 cm \/ 27,56 x 19,685 inch<br \/>\nEdition of 9, Signed and numbered by the Artist<\/p>\n","protected":false},"featured_media":1642334,"template":"","meta":{"_monsterinsights_skip_tracking":false,"_monsterinsights_sitenote_active":false,"_monsterinsights_sitenote_note":"","_monsterinsights_sitenote_category":0},"product_brand":[],"product_cat":[76,96],"product_tag":[],"class_list":{"0":"post-1642333","1":"product","2":"type-product","3":"status-publish","4":"has-post-thumbnail","6":"product_cat-prints","7":"product_cat-marie-vandooren","8":"product_shipping_class-edition-zone-1","10":"first","11":"instock","12":"sold-individually","13":"shipping-taxable","14":"purchasable","15":"product-type-simple"},"yoast_head":"<!-- This site is optimized with the Yoast SEO plugin v27.2 - https:\/\/yoast.com\/product\/yoast-seo-wordpress\/ -->\n<title>Piscine v\u00e9g\u00e9tale rose - Marie Vandooren - en.store.galerieramand by galerie jean-louis ramand<\/title>\n<meta name=\"description\" content=\"Piscine v\u00e9g\u00e9tale rose - Marie Vandooren. Silkscreen print on Fine art paper, 70 x 50 cm, 2021. Edition of 9.\" \/>\n<meta name=\"robots\" content=\"index, follow, max-snippet:-1, max-image-preview:large, max-video-preview:-1\" \/>\n<link rel=\"canonical\" href=\"https:\/\/store.galerieramand.com\/en\/artworks\/artists\/marie-vandooren\/piscine-vegetale-rose-marie-vandooren-copy\/\" \/>\n<meta property=\"og:locale\" content=\"en_GB\" \/>\n<meta property=\"og:type\" content=\"article\" \/>\n<meta property=\"og:title\" content=\"Piscine v\u00e9g\u00e9tale rose - Marie Vandooren - en.store.galerieramand by galerie jean-louis ramand\" \/>\n<meta property=\"og:description\" content=\"Piscine v\u00e9g\u00e9tale rose - Marie Vandooren. Silkscreen print on Fine art paper, 70 x 50 cm, 2021. Edition of 9.\" \/>\n<meta property=\"og:url\" content=\"https:\/\/store.galerieramand.com\/en\/artworks\/artists\/marie-vandooren\/piscine-vegetale-rose-marie-vandooren-copy\/\" \/>\n<meta property=\"og:site_name\" content=\"en.store.galerieramand\" \/>\n<meta property=\"article:modified_time\" content=\"2022-07-31T13:12:52+00:00\" \/>\n<meta property=\"og:image\" content=\"https:\/\/store.galerieramand.com\/en\/wp-content\/uploads\/sites\/2\/2022\/07\/Piscine-vegetale-rose-Marie-Vandooren_3.jpg\" \/>\n\t<meta property=\"og:image:width\" content=\"1600\" \/>\n\t<meta property=\"og:image:height\" content=\"1600\" \/>\n\t<meta property=\"og:image:type\" content=\"image\/jpeg\" \/>\n<meta name=\"twitter:card\" content=\"summary_large_image\" \/>\n<meta name=\"twitter:label1\" content=\"Estimated reading time\" \/>\n\t<meta name=\"twitter:data1\" content=\"1 minute\" \/>\n<script type=\"application\/ld+json\" class=\"yoast-schema-graph\">{\"@context\":\"https:\/\/schema.org\",\"@graph\":[{\"@type\":\"WebPage\",\"@id\":\"https:\/\/store.galerieramand.com\/en\/artworks\/artists\/marie-vandooren\/piscine-vegetale-rose-marie-vandooren-copy\/\",\"url\":\"https:\/\/store.galerieramand.com\/en\/artworks\/artists\/marie-vandooren\/piscine-vegetale-rose-marie-vandooren-copy\/\",\"name\":\"Piscine v\u00e9g\u00e9tale rose - Marie Vandooren - en.store.galerieramand by galerie jean-louis ramand\",\"isPartOf\":{\"@id\":\"https:\/\/store.galerieramand.com\/en\/#website\"},\"primaryImageOfPage\":{\"@id\":\"https:\/\/store.galerieramand.com\/en\/artworks\/artists\/marie-vandooren\/piscine-vegetale-rose-marie-vandooren-copy\/#primaryimage\"},\"image\":{\"@id\":\"https:\/\/store.galerieramand.com\/en\/artworks\/artists\/marie-vandooren\/piscine-vegetale-rose-marie-vandooren-copy\/#primaryimage\"},\"thumbnailUrl\":\"https:\/\/store.galerieramand.com\/en\/wp-content\/uploads\/sites\/2\/2022\/07\/Piscine-vegetale-rose-Marie-Vandooren_3.jpg\",\"datePublished\":\"2022-07-31T13:03:14+00:00\",\"dateModified\":\"2022-07-31T13:12:52+00:00\",\"description\":\"Piscine v\u00e9g\u00e9tale rose - Marie Vandooren. Silkscreen print on Fine art paper, 70 x 50 cm, 2021. Edition of 9.\",\"breadcrumb\":{\"@id\":\"https:\/\/store.galerieramand.com\/en\/artworks\/artists\/marie-vandooren\/piscine-vegetale-rose-marie-vandooren-copy\/#breadcrumb\"},\"inLanguage\":\"en-GB\",\"potentialAction\":[{\"@type\":\"ReadAction\",\"target\":[\"https:\/\/store.galerieramand.com\/en\/artworks\/artists\/marie-vandooren\/piscine-vegetale-rose-marie-vandooren-copy\/\"]}]},{\"@type\":\"ImageObject\",\"inLanguage\":\"en-GB\",\"@id\":\"https:\/\/store.galerieramand.com\/en\/artworks\/artists\/marie-vandooren\/piscine-vegetale-rose-marie-vandooren-copy\/#primaryimage\",\"url\":\"https:\/\/store.galerieramand.com\/en\/wp-content\/uploads\/sites\/2\/2022\/07\/Piscine-vegetale-rose-Marie-Vandooren_3.jpg\",\"contentUrl\":\"https:\/\/store.galerieramand.com\/en\/wp-content\/uploads\/sites\/2\/2022\/07\/Piscine-vegetale-rose-Marie-Vandooren_3.jpg\",\"width\":1600,\"height\":1600,\"caption\":\"Piscine v\u00e9g\u00e9tale rose - Marie Vandooren_3\"},{\"@type\":\"BreadcrumbList\",\"@id\":\"https:\/\/store.galerieramand.com\/en\/artworks\/artists\/marie-vandooren\/piscine-vegetale-rose-marie-vandooren-copy\/#breadcrumb\",\"itemListElement\":[{\"@type\":\"ListItem\",\"position\":1,\"name\":\"Accueil\",\"item\":\"https:\/\/store.galerieramand.com\/en\/\"},{\"@type\":\"ListItem\",\"position\":2,\"name\":\"Artworks\",\"item\":\"https:\/\/store.galerieramand.com\/en\/artworks\/\"},{\"@type\":\"ListItem\",\"position\":3,\"name\":\"Piscine v\u00e9g\u00e9tale rose &#8211; Marie Vandooren\"}]},{\"@type\":\"WebSite\",\"@id\":\"https:\/\/store.galerieramand.com\/en\/#website\",\"url\":\"https:\/\/store.galerieramand.com\/en\/\",\"name\":\"en.store.galerieramand\",\"description\":\"Online Store Galerie Ramand\",\"potentialAction\":[{\"@type\":\"SearchAction\",\"target\":{\"@type\":\"EntryPoint\",\"urlTemplate\":\"https:\/\/store.galerieramand.com\/en\/?s={search_term_string}\"},\"query-input\":{\"@type\":\"PropertyValueSpecification\",\"valueRequired\":true,\"valueName\":\"search_term_string\"}}],\"inLanguage\":\"en-GB\"}]}<\/script>\n<!-- \/ Yoast SEO plugin. -->","yoast_head_json":{"title":"Piscine v\u00e9g\u00e9tale rose - Marie Vandooren - en.store.galerieramand by galerie jean-louis ramand","description":"Piscine v\u00e9g\u00e9tale rose - Marie Vandooren. Silkscreen print on Fine art paper, 70 x 50 cm, 2021. Edition of 9.","robots":{"index":"index","follow":"follow","max-snippet":"max-snippet:-1","max-image-preview":"max-image-preview:large","max-video-preview":"max-video-preview:-1"},"canonical":"https:\/\/store.galerieramand.com\/en\/artworks\/artists\/marie-vandooren\/piscine-vegetale-rose-marie-vandooren-copy\/","og_locale":"en_GB","og_type":"article","og_title":"Piscine v\u00e9g\u00e9tale rose - Marie Vandooren - en.store.galerieramand by galerie jean-louis ramand","og_description":"Piscine v\u00e9g\u00e9tale rose - Marie Vandooren. Silkscreen print on Fine art paper, 70 x 50 cm, 2021. Edition of 9.","og_url":"https:\/\/store.galerieramand.com\/en\/artworks\/artists\/marie-vandooren\/piscine-vegetale-rose-marie-vandooren-copy\/","og_site_name":"en.store.galerieramand","article_modified_time":"2022-07-31T13:12:52+00:00","og_image":[{"width":1600,"height":1600,"url":"https:\/\/store.galerieramand.com\/en\/wp-content\/uploads\/sites\/2\/2022\/07\/Piscine-vegetale-rose-Marie-Vandooren_3.jpg","type":"image\/jpeg"}],"twitter_card":"summary_large_image","twitter_misc":{"Estimated reading time":"1 minute"},"schema":{"@context":"https:\/\/schema.org","@graph":[{"@type":"WebPage","@id":"https:\/\/store.galerieramand.com\/en\/artworks\/artists\/marie-vandooren\/piscine-vegetale-rose-marie-vandooren-copy\/","url":"https:\/\/store.galerieramand.com\/en\/artworks\/artists\/marie-vandooren\/piscine-vegetale-rose-marie-vandooren-copy\/","name":"Piscine v\u00e9g\u00e9tale rose - Marie Vandooren - en.store.galerieramand by galerie jean-louis ramand","isPartOf":{"@id":"https:\/\/store.galerieramand.com\/en\/#website"},"primaryImageOfPage":{"@id":"https:\/\/store.galerieramand.com\/en\/artworks\/artists\/marie-vandooren\/piscine-vegetale-rose-marie-vandooren-copy\/#primaryimage"},"image":{"@id":"https:\/\/store.galerieramand.com\/en\/artworks\/artists\/marie-vandooren\/piscine-vegetale-rose-marie-vandooren-copy\/#primaryimage"},"thumbnailUrl":"https:\/\/store.galerieramand.com\/en\/wp-content\/uploads\/sites\/2\/2022\/07\/Piscine-vegetale-rose-Marie-Vandooren_3.jpg","datePublished":"2022-07-31T13:03:14+00:00","dateModified":"2022-07-31T13:12:52+00:00","description":"Piscine v\u00e9g\u00e9tale rose - Marie Vandooren. Silkscreen print on Fine art paper, 70 x 50 cm, 2021. Edition of 9.","breadcrumb":{"@id":"https:\/\/store.galerieramand.com\/en\/artworks\/artists\/marie-vandooren\/piscine-vegetale-rose-marie-vandooren-copy\/#breadcrumb"},"inLanguage":"en-GB","potentialAction":[{"@type":"ReadAction","target":["https:\/\/store.galerieramand.com\/en\/artworks\/artists\/marie-vandooren\/piscine-vegetale-rose-marie-vandooren-copy\/"]}]},{"@type":"ImageObject","inLanguage":"en-GB","@id":"https:\/\/store.galerieramand.com\/en\/artworks\/artists\/marie-vandooren\/piscine-vegetale-rose-marie-vandooren-copy\/#primaryimage","url":"https:\/\/store.galerieramand.com\/en\/wp-content\/uploads\/sites\/2\/2022\/07\/Piscine-vegetale-rose-Marie-Vandooren_3.jpg","contentUrl":"https:\/\/store.galerieramand.com\/en\/wp-content\/uploads\/sites\/2\/2022\/07\/Piscine-vegetale-rose-Marie-Vandooren_3.jpg","width":1600,"height":1600,"caption":"Piscine v\u00e9g\u00e9tale rose - Marie Vandooren_3"},{"@type":"BreadcrumbList","@id":"https:\/\/store.galerieramand.com\/en\/artworks\/artists\/marie-vandooren\/piscine-vegetale-rose-marie-vandooren-copy\/#breadcrumb","itemListElement":[{"@type":"ListItem","position":1,"name":"Accueil","item":"https:\/\/store.galerieramand.com\/en\/"},{"@type":"ListItem","position":2,"name":"Artworks","item":"https:\/\/store.galerieramand.com\/en\/artworks\/"},{"@type":"ListItem","position":3,"name":"Piscine v\u00e9g\u00e9tale rose &#8211; Marie Vandooren"}]},{"@type":"WebSite","@id":"https:\/\/store.galerieramand.com\/en\/#website","url":"https:\/\/store.galerieramand.com\/en\/","name":"en.store.galerieramand","description":"Online Store Galerie Ramand","potentialAction":[{"@type":"SearchAction","target":{"@type":"EntryPoint","urlTemplate":"https:\/\/store.galerieramand.com\/en\/?s={search_term_string}"},"query-input":{"@type":"PropertyValueSpecification","valueRequired":true,"valueName":"search_term_string"}}],"inLanguage":"en-GB"}]}},"_links":{"self":[{"href":"https:\/\/store.galerieramand.com\/en\/wp-json\/wp\/v2\/product\/1642333","targetHints":{"allow":["GET"]}}],"collection":[{"href":"https:\/\/store.galerieramand.com\/en\/wp-json\/wp\/v2\/product"}],"about":[{"href":"https:\/\/store.galerieramand.com\/en\/wp-json\/wp\/v2\/types\/product"}],"wp:featuredmedia":[{"embeddable":true,"href":"https:\/\/store.galerieramand.com\/en\/wp-json\/wp\/v2\/media\/1642334"}],"wp:attachment":[{"href":"https:\/\/store.galerieramand.com\/en\/wp-json\/wp\/v2\/media?parent=1642333"}],"wp:term":[{"taxonomy":"product_brand","embeddable":true,"href":"https:\/\/store.galerieramand.com\/en\/wp-json\/wp\/v2\/product_brand?post=1642333"},{"taxonomy":"product_cat","embeddable":true,"href":"https:\/\/store.galerieramand.com\/en\/wp-json\/wp\/v2\/product_cat?post=1642333"},{"taxonomy":"product_tag","embeddable":true,"href":"https:\/\/store.galerieramand.com\/en\/wp-json\/wp\/v2\/product_tag?post=1642333"}],"curies":[{"name":"wp","href":"https:\/\/api.w.org\/{rel}","templated":true}]}}