{"id":1642184,"date":"2021-12-13T10:22:56","date_gmt":"2021-12-13T10:22:56","guid":{"rendered":"https:\/\/store.galerieramand.com\/en\/?post_type=product&#038;p=1642184"},"modified":"2021-12-13T10:25:45","modified_gmt":"2021-12-13T10:25:45","slug":"geranium-fanees-7-audrey-casalis","status":"publish","type":"product","link":"https:\/\/store.galerieramand.com\/en\/artworks\/artists\/audrey-casalis\/geranium-fanees-7-audrey-casalis\/","title":{"rendered":"G\u00e9ranium &#8211; Fan\u00e9es #7 &#8211; Audrey Casalis"},"content":{"rendered":"<p>G\u00e9ranium &#8211; Fan\u00e9es #7 (<strong>Fan\u00e9es series<\/strong>)<\/p>\n<p>Born in 1989, Audrey Casalis is graduated from \u00c9cole Nationale Sup\u00e9rieure des Arts D\u00e9coratifs. Her work declines nuances of black, with all the thickness that it gives to the subjects she tackles. As the author of a diary would do with the power of words, she uses black stone with a perfect technical mastery to envisage the detours of the human mind.<\/p>\n<p>Her series evoke how much difficult it is to apprehend the world. When solitude takes over, how can we carry on with an autonomy of thought and emotion ? The suffering body is hindered by the fears of being alone, the terrible reality of coming to birth. But the spirit also knows how to find the luminous glow of hope and liberation; every shadow exists only through the light that faces it.<\/p>\n<p>By underlining the quiet sensation, the artist leaves the possibility of a cure. Her observation opens up the recognition of a courage, that of facing the trials of a present where we are locked in silence or isolation. Sometimes, the path is long to go beyond the walls of our mental prisons, but always we travel to make our own intimate demons meet the perspectives of the world that welcomes us.<\/p>\n<p><em>G\u00e9ranium &#8211; Fan\u00e9es #7 &#8211; Audrey Casalis | Text by <a href=\"https:\/\/www.galerieramand.com\/\">Blandine Boucheix<\/a><\/em><\/p>\n<p><em>\u00a0<\/em>Find more works by the artist &gt; <a href=\"https:\/\/store.galerieramand.com\/en\/product-category\/artists\/audrey-casalis\/\"><strong>HERE<\/strong><\/a><\/p>\n","protected":false},"excerpt":{"rendered":"<p>Drawing, black chalk on paper<br \/>\nYear of production: 2020<br \/>\n10,6 x 14 cm<br \/>\nSigned, Unique original work<\/p>\n","protected":false},"featured_media":1642160,"template":"","meta":{"_monsterinsights_skip_tracking":false,"_monsterinsights_sitenote_active":false,"_monsterinsights_sitenote_note":"","_monsterinsights_sitenote_category":0},"product_brand":[],"product_cat":[74,95],"product_tag":[],"class_list":{"0":"post-1642184","1":"product","2":"type-product","3":"status-publish","4":"has-post-thumbnail","6":"product_cat-drawing","7":"product_cat-audrey-casalis","9":"first","10":"instock","11":"sold-individually","12":"shipping-taxable","13":"purchasable","14":"product-type-simple"},"yoast_head":"<!-- This site is optimized with the Yoast SEO plugin v27.2 - https:\/\/yoast.com\/product\/yoast-seo-wordpress\/ -->\n<title>G\u00e9ranium - Fan\u00e9es #7 - Audrey Casalis - en.store.galerieramand by galerie jean-louis ramand<\/title>\n<meta name=\"description\" content=\"G\u00e9ranium - Fan\u00e9es #7 - Audrey Casalis. Drawing black chalk on paper, 10,6 x 14 cm, Year of creation: 2020. Unique work\" \/>\n<meta name=\"robots\" content=\"index, follow, max-snippet:-1, max-image-preview:large, max-video-preview:-1\" \/>\n<link rel=\"canonical\" href=\"https:\/\/store.galerieramand.com\/en\/artworks\/artists\/audrey-casalis\/geranium-fanees-7-audrey-casalis\/\" \/>\n<meta property=\"og:locale\" content=\"en_GB\" \/>\n<meta property=\"og:type\" content=\"article\" \/>\n<meta property=\"og:title\" content=\"G\u00e9ranium - Fan\u00e9es #7 - Audrey Casalis - en.store.galerieramand by galerie jean-louis ramand\" \/>\n<meta property=\"og:description\" content=\"G\u00e9ranium - Fan\u00e9es #7 - Audrey Casalis. Drawing black chalk on paper, 10,6 x 14 cm, Year of creation: 2020. Unique work\" \/>\n<meta property=\"og:url\" content=\"https:\/\/store.galerieramand.com\/en\/artworks\/artists\/audrey-casalis\/geranium-fanees-7-audrey-casalis\/\" \/>\n<meta property=\"og:site_name\" content=\"en.store.galerieramand\" \/>\n<meta property=\"article:modified_time\" content=\"2021-12-13T10:25:45+00:00\" \/>\n<meta property=\"og:image\" content=\"https:\/\/store.galerieramand.com\/en\/wp-content\/uploads\/sites\/2\/2021\/12\/Geranium-Fanees-7-Audrey-Casalis_1.jpg\" \/>\n\t<meta property=\"og:image:width\" content=\"1600\" \/>\n\t<meta property=\"og:image:height\" content=\"2133\" \/>\n\t<meta property=\"og:image:type\" content=\"image\/jpeg\" \/>\n<meta name=\"twitter:card\" content=\"summary_large_image\" \/>\n<meta name=\"twitter:label1\" content=\"Estimated reading time\" \/>\n\t<meta name=\"twitter:data1\" content=\"1 minute\" \/>\n<script type=\"application\/ld+json\" class=\"yoast-schema-graph\">{\"@context\":\"https:\/\/schema.org\",\"@graph\":[{\"@type\":\"WebPage\",\"@id\":\"https:\/\/store.galerieramand.com\/en\/artworks\/artists\/audrey-casalis\/geranium-fanees-7-audrey-casalis\/\",\"url\":\"https:\/\/store.galerieramand.com\/en\/artworks\/artists\/audrey-casalis\/geranium-fanees-7-audrey-casalis\/\",\"name\":\"G\u00e9ranium - Fan\u00e9es #7 - Audrey Casalis - en.store.galerieramand by galerie jean-louis ramand\",\"isPartOf\":{\"@id\":\"https:\/\/store.galerieramand.com\/en\/#website\"},\"primaryImageOfPage\":{\"@id\":\"https:\/\/store.galerieramand.com\/en\/artworks\/artists\/audrey-casalis\/geranium-fanees-7-audrey-casalis\/#primaryimage\"},\"image\":{\"@id\":\"https:\/\/store.galerieramand.com\/en\/artworks\/artists\/audrey-casalis\/geranium-fanees-7-audrey-casalis\/#primaryimage\"},\"thumbnailUrl\":\"https:\/\/store.galerieramand.com\/en\/wp-content\/uploads\/sites\/2\/2021\/12\/Geranium-Fanees-7-Audrey-Casalis_1.jpg\",\"datePublished\":\"2021-12-13T10:22:56+00:00\",\"dateModified\":\"2021-12-13T10:25:45+00:00\",\"description\":\"G\u00e9ranium - Fan\u00e9es #7 - Audrey Casalis. Drawing black chalk on paper, 10,6 x 14 cm, Year of creation: 2020. Unique work\",\"breadcrumb\":{\"@id\":\"https:\/\/store.galerieramand.com\/en\/artworks\/artists\/audrey-casalis\/geranium-fanees-7-audrey-casalis\/#breadcrumb\"},\"inLanguage\":\"en-GB\",\"potentialAction\":[{\"@type\":\"ReadAction\",\"target\":[\"https:\/\/store.galerieramand.com\/en\/artworks\/artists\/audrey-casalis\/geranium-fanees-7-audrey-casalis\/\"]}]},{\"@type\":\"ImageObject\",\"inLanguage\":\"en-GB\",\"@id\":\"https:\/\/store.galerieramand.com\/en\/artworks\/artists\/audrey-casalis\/geranium-fanees-7-audrey-casalis\/#primaryimage\",\"url\":\"https:\/\/store.galerieramand.com\/en\/wp-content\/uploads\/sites\/2\/2021\/12\/Geranium-Fanees-7-Audrey-Casalis_1.jpg\",\"contentUrl\":\"https:\/\/store.galerieramand.com\/en\/wp-content\/uploads\/sites\/2\/2021\/12\/Geranium-Fanees-7-Audrey-Casalis_1.jpg\",\"width\":1600,\"height\":2133,\"caption\":\"G\u00e9ranium Fan\u00e9es 7 - Audrey Casalis_1\"},{\"@type\":\"BreadcrumbList\",\"@id\":\"https:\/\/store.galerieramand.com\/en\/artworks\/artists\/audrey-casalis\/geranium-fanees-7-audrey-casalis\/#breadcrumb\",\"itemListElement\":[{\"@type\":\"ListItem\",\"position\":1,\"name\":\"Accueil\",\"item\":\"https:\/\/store.galerieramand.com\/en\/\"},{\"@type\":\"ListItem\",\"position\":2,\"name\":\"Artworks\",\"item\":\"https:\/\/store.galerieramand.com\/en\/artworks\/\"},{\"@type\":\"ListItem\",\"position\":3,\"name\":\"G\u00e9ranium &#8211; Fan\u00e9es #7 &#8211; Audrey Casalis\"}]},{\"@type\":\"WebSite\",\"@id\":\"https:\/\/store.galerieramand.com\/en\/#website\",\"url\":\"https:\/\/store.galerieramand.com\/en\/\",\"name\":\"en.store.galerieramand\",\"description\":\"Online Store Galerie Ramand\",\"potentialAction\":[{\"@type\":\"SearchAction\",\"target\":{\"@type\":\"EntryPoint\",\"urlTemplate\":\"https:\/\/store.galerieramand.com\/en\/?s={search_term_string}\"},\"query-input\":{\"@type\":\"PropertyValueSpecification\",\"valueRequired\":true,\"valueName\":\"search_term_string\"}}],\"inLanguage\":\"en-GB\"}]}<\/script>\n<!-- \/ Yoast SEO plugin. -->","yoast_head_json":{"title":"G\u00e9ranium - Fan\u00e9es #7 - Audrey Casalis - en.store.galerieramand by galerie jean-louis ramand","description":"G\u00e9ranium - Fan\u00e9es #7 - Audrey Casalis. Drawing black chalk on paper, 10,6 x 14 cm, Year of creation: 2020. Unique work","robots":{"index":"index","follow":"follow","max-snippet":"max-snippet:-1","max-image-preview":"max-image-preview:large","max-video-preview":"max-video-preview:-1"},"canonical":"https:\/\/store.galerieramand.com\/en\/artworks\/artists\/audrey-casalis\/geranium-fanees-7-audrey-casalis\/","og_locale":"en_GB","og_type":"article","og_title":"G\u00e9ranium - Fan\u00e9es #7 - Audrey Casalis - en.store.galerieramand by galerie jean-louis ramand","og_description":"G\u00e9ranium - Fan\u00e9es #7 - Audrey Casalis. Drawing black chalk on paper, 10,6 x 14 cm, Year of creation: 2020. Unique work","og_url":"https:\/\/store.galerieramand.com\/en\/artworks\/artists\/audrey-casalis\/geranium-fanees-7-audrey-casalis\/","og_site_name":"en.store.galerieramand","article_modified_time":"2021-12-13T10:25:45+00:00","og_image":[{"width":1600,"height":2133,"url":"https:\/\/store.galerieramand.com\/en\/wp-content\/uploads\/sites\/2\/2021\/12\/Geranium-Fanees-7-Audrey-Casalis_1.jpg","type":"image\/jpeg"}],"twitter_card":"summary_large_image","twitter_misc":{"Estimated reading time":"1 minute"},"schema":{"@context":"https:\/\/schema.org","@graph":[{"@type":"WebPage","@id":"https:\/\/store.galerieramand.com\/en\/artworks\/artists\/audrey-casalis\/geranium-fanees-7-audrey-casalis\/","url":"https:\/\/store.galerieramand.com\/en\/artworks\/artists\/audrey-casalis\/geranium-fanees-7-audrey-casalis\/","name":"G\u00e9ranium - Fan\u00e9es #7 - Audrey Casalis - en.store.galerieramand by galerie jean-louis ramand","isPartOf":{"@id":"https:\/\/store.galerieramand.com\/en\/#website"},"primaryImageOfPage":{"@id":"https:\/\/store.galerieramand.com\/en\/artworks\/artists\/audrey-casalis\/geranium-fanees-7-audrey-casalis\/#primaryimage"},"image":{"@id":"https:\/\/store.galerieramand.com\/en\/artworks\/artists\/audrey-casalis\/geranium-fanees-7-audrey-casalis\/#primaryimage"},"thumbnailUrl":"https:\/\/store.galerieramand.com\/en\/wp-content\/uploads\/sites\/2\/2021\/12\/Geranium-Fanees-7-Audrey-Casalis_1.jpg","datePublished":"2021-12-13T10:22:56+00:00","dateModified":"2021-12-13T10:25:45+00:00","description":"G\u00e9ranium - Fan\u00e9es #7 - Audrey Casalis. Drawing black chalk on paper, 10,6 x 14 cm, Year of creation: 2020. Unique work","breadcrumb":{"@id":"https:\/\/store.galerieramand.com\/en\/artworks\/artists\/audrey-casalis\/geranium-fanees-7-audrey-casalis\/#breadcrumb"},"inLanguage":"en-GB","potentialAction":[{"@type":"ReadAction","target":["https:\/\/store.galerieramand.com\/en\/artworks\/artists\/audrey-casalis\/geranium-fanees-7-audrey-casalis\/"]}]},{"@type":"ImageObject","inLanguage":"en-GB","@id":"https:\/\/store.galerieramand.com\/en\/artworks\/artists\/audrey-casalis\/geranium-fanees-7-audrey-casalis\/#primaryimage","url":"https:\/\/store.galerieramand.com\/en\/wp-content\/uploads\/sites\/2\/2021\/12\/Geranium-Fanees-7-Audrey-Casalis_1.jpg","contentUrl":"https:\/\/store.galerieramand.com\/en\/wp-content\/uploads\/sites\/2\/2021\/12\/Geranium-Fanees-7-Audrey-Casalis_1.jpg","width":1600,"height":2133,"caption":"G\u00e9ranium Fan\u00e9es 7 - Audrey Casalis_1"},{"@type":"BreadcrumbList","@id":"https:\/\/store.galerieramand.com\/en\/artworks\/artists\/audrey-casalis\/geranium-fanees-7-audrey-casalis\/#breadcrumb","itemListElement":[{"@type":"ListItem","position":1,"name":"Accueil","item":"https:\/\/store.galerieramand.com\/en\/"},{"@type":"ListItem","position":2,"name":"Artworks","item":"https:\/\/store.galerieramand.com\/en\/artworks\/"},{"@type":"ListItem","position":3,"name":"G\u00e9ranium &#8211; Fan\u00e9es #7 &#8211; Audrey Casalis"}]},{"@type":"WebSite","@id":"https:\/\/store.galerieramand.com\/en\/#website","url":"https:\/\/store.galerieramand.com\/en\/","name":"en.store.galerieramand","description":"Online Store Galerie Ramand","potentialAction":[{"@type":"SearchAction","target":{"@type":"EntryPoint","urlTemplate":"https:\/\/store.galerieramand.com\/en\/?s={search_term_string}"},"query-input":{"@type":"PropertyValueSpecification","valueRequired":true,"valueName":"search_term_string"}}],"inLanguage":"en-GB"}]}},"_links":{"self":[{"href":"https:\/\/store.galerieramand.com\/en\/wp-json\/wp\/v2\/product\/1642184","targetHints":{"allow":["GET"]}}],"collection":[{"href":"https:\/\/store.galerieramand.com\/en\/wp-json\/wp\/v2\/product"}],"about":[{"href":"https:\/\/store.galerieramand.com\/en\/wp-json\/wp\/v2\/types\/product"}],"wp:featuredmedia":[{"embeddable":true,"href":"https:\/\/store.galerieramand.com\/en\/wp-json\/wp\/v2\/media\/1642160"}],"wp:attachment":[{"href":"https:\/\/store.galerieramand.com\/en\/wp-json\/wp\/v2\/media?parent=1642184"}],"wp:term":[{"taxonomy":"product_brand","embeddable":true,"href":"https:\/\/store.galerieramand.com\/en\/wp-json\/wp\/v2\/product_brand?post=1642184"},{"taxonomy":"product_cat","embeddable":true,"href":"https:\/\/store.galerieramand.com\/en\/wp-json\/wp\/v2\/product_cat?post=1642184"},{"taxonomy":"product_tag","embeddable":true,"href":"https:\/\/store.galerieramand.com\/en\/wp-json\/wp\/v2\/product_tag?post=1642184"}],"curies":[{"name":"wp","href":"https:\/\/api.w.org\/{rel}","templated":true}]}}